{"id":152,"date":"2018-10-02T01:37:04","date_gmt":"2018-10-01T22:37:04","guid":{"rendered":"http:\/\/bocc.ugal.ro\/?page_id=152-old"},"modified":"2024-01-22T14:29:24","modified_gmt":"2024-01-22T11:29:24","slug":"cantine","status":"publish","type":"page","link":"https:\/\/campus.ugal.ro\/ccps\/cantine\/","title":{"rendered":"Cantine"},"content":{"rendered":"\t\t<div data-elementor-type=\"wp-page\" data-elementor-id=\"152\" class=\"elementor elementor-152\">\n\t\t\t\t\t\t<section class=\"elementor-section elementor-top-section elementor-element elementor-element-beacfe2 elementor-section-boxed elementor-section-height-default elementor-section-height-default\" data-id=\"beacfe2\" data-element_type=\"section\">\n\t\t\t\t\t\t<div class=\"elementor-container elementor-column-gap-default\">\n\t\t\t\t\t\t<\/div>\n\t\t<\/section>\n\t\t\t\t<section class=\"elementor-section elementor-top-section elementor-element elementor-element-c42fb48 elementor-section-boxed elementor-section-height-default elementor-section-height-default\" data-id=\"c42fb48\" data-element_type=\"section\">\n\t\t\t\t\t\t<div class=\"elementor-container elementor-column-gap-default\">\n\t\t\t\t\t<div class=\"elementor-column elementor-col-100 elementor-top-column elementor-element elementor-element-58b74a1\" data-id=\"58b74a1\" data-element_type=\"column\">\n\t\t\t<div class=\"elementor-widget-wrap elementor-element-populated\">\n\t\t\t\t\t\t<div class=\"elementor-element elementor-element-3f18cbc elementor-widget elementor-widget-text-editor\" data-id=\"3f18cbc\" data-element_type=\"widget\" data-widget_type=\"text-editor.default\">\n\t\t\t\t<div class=\"elementor-widget-container\">\n\t\t\t\t\t\t\t\t\t<p><strong>Direc\u021bia C\u0103mine \u0219i Cantine cuprinde Cantina nr. 2 care este localizat\u0103 \u00een Gala\u021bi, pe str Domneasc\u0103, nr 155, \u00een Campusul Universitar \u201eAl. I. Cuza\u201d \u0219i o microcantin\u0103\u00a0aflat\u0103 \u00een cadrul Universit\u0103\u021bii Dun\u0103rea de Jos din Gala\u021bi, pe str Domneasc\u0103, nr 47.<\/strong><\/p>\t\t\t\t\t\t\t\t<\/div>\n\t\t\t\t<\/div>\n\t\t\t\t\t<\/div>\n\t\t<\/div>\n\t\t\t\t\t<\/div>\n\t\t<\/section>\n\t\t\t\t<section class=\"elementor-section elementor-top-section elementor-element elementor-element-3e99969 elementor-section-boxed elementor-section-height-default elementor-section-height-default\" data-id=\"3e99969\" data-element_type=\"section\">\n\t\t\t\t\t\t<div class=\"elementor-container elementor-column-gap-default\">\n\t\t\t\t\t<div class=\"elementor-column elementor-col-33 elementor-top-column elementor-element elementor-element-09427c9\" data-id=\"09427c9\" data-element_type=\"column\">\n\t\t\t<div class=\"elementor-widget-wrap elementor-element-populated\">\n\t\t\t\t\t\t<div class=\"elementor-element elementor-element-cdb4ca3 elementor-align-center elementor-widget elementor-widget-button\" data-id=\"cdb4ca3\" data-element_type=\"widget\" data-widget_type=\"button.default\">\n\t\t\t\t<div class=\"elementor-widget-container\">\n\t\t\t\t\t\t\t\t\t<div class=\"elementor-button-wrapper\">\n\t\t\t\t\t<a class=\"elementor-button elementor-button-link elementor-size-md\" href=\"#\">\n\t\t\t\t\t\t<span class=\"elementor-button-content-wrapper\">\n\t\t\t\t\t\t\t\t\t<span class=\"elementor-button-text\">LOCATII<\/span>\n\t\t\t\t\t<\/span>\n\t\t\t\t\t<\/a>\n\t\t\t\t<\/div>\n\t\t\t\t\t\t\t\t<\/div>\n\t\t\t\t<\/div>\n\t\t\t\t\t<\/div>\n\t\t<\/div>\n\t\t\t\t<div class=\"elementor-column elementor-col-33 elementor-top-column elementor-element elementor-element-6b545c8\" data-id=\"6b545c8\" data-element_type=\"column\">\n\t\t\t<div class=\"elementor-widget-wrap elementor-element-populated\">\n\t\t\t\t\t\t<div class=\"elementor-element elementor-element-6f006e1 elementor-align-center elementor-widget elementor-widget-button\" data-id=\"6f006e1\" data-element_type=\"widget\" data-widget_type=\"button.default\">\n\t\t\t\t<div class=\"elementor-widget-container\">\n\t\t\t\t\t\t\t\t\t<div class=\"elementor-button-wrapper\">\n\t\t\t\t\t<a class=\"elementor-button elementor-button-link elementor-size-md\" href=\"#\">\n\t\t\t\t\t\t<span class=\"elementor-button-content-wrapper\">\n\t\t\t\t\t\t\t\t\t<span class=\"elementor-button-text\">MENIU ANGAJATI<\/span>\n\t\t\t\t\t<\/span>\n\t\t\t\t\t<\/a>\n\t\t\t\t<\/div>\n\t\t\t\t\t\t\t\t<\/div>\n\t\t\t\t<\/div>\n\t\t\t\t\t<\/div>\n\t\t<\/div>\n\t\t\t\t<div class=\"elementor-column elementor-col-33 elementor-top-column elementor-element elementor-element-64f274c\" data-id=\"64f274c\" data-element_type=\"column\">\n\t\t\t<div class=\"elementor-widget-wrap elementor-element-populated\">\n\t\t\t\t\t\t<div class=\"elementor-element elementor-element-7500a9c elementor-align-center elementor-widget elementor-widget-button\" data-id=\"7500a9c\" data-element_type=\"widget\" data-widget_type=\"button.default\">\n\t\t\t\t<div class=\"elementor-widget-container\">\n\t\t\t\t\t\t\t\t\t<div class=\"elementor-button-wrapper\">\n\t\t\t\t\t<a class=\"elementor-button elementor-button-link elementor-size-md\" href=\"#\">\n\t\t\t\t\t\t<span class=\"elementor-button-content-wrapper\">\n\t\t\t\t\t\t\t\t\t<span class=\"elementor-button-text\">MENIU STUDENTI<\/span>\n\t\t\t\t\t<\/span>\n\t\t\t\t\t<\/a>\n\t\t\t\t<\/div>\n\t\t\t\t\t\t\t\t<\/div>\n\t\t\t\t<\/div>\n\t\t\t\t\t<\/div>\n\t\t<\/div>\n\t\t\t\t\t<\/div>\n\t\t<\/section>\n\t\t\t\t<section class=\"elementor-section elementor-top-section elementor-element elementor-element-dbb6cbf elementor-section-boxed elementor-section-height-default elementor-section-height-default\" data-id=\"dbb6cbf\" data-element_type=\"section\">\n\t\t\t\t\t\t<div class=\"elementor-container elementor-column-gap-default\">\n\t\t\t\t\t<div class=\"elementor-column elementor-col-100 elementor-top-column elementor-element elementor-element-0de742d\" data-id=\"0de742d\" data-element_type=\"column\">\n\t\t\t<div class=\"elementor-widget-wrap elementor-element-populated\">\n\t\t\t\t\t\t<div class=\"elementor-element elementor-element-4cd1794 elementor-align-center elementor-widget elementor-widget-button\" data-id=\"4cd1794\" data-element_type=\"widget\" data-widget_type=\"button.default\">\n\t\t\t\t<div class=\"elementor-widget-container\">\n\t\t\t\t\t\t\t\t\t<div class=\"elementor-button-wrapper\">\n\t\t\t\t\t<a class=\"elementor-button elementor-button-link elementor-size-md\" href=\"#\">\n\t\t\t\t\t\t<span class=\"elementor-button-content-wrapper\">\n\t\t\t\t\t\t\t\t\t<span class=\"elementor-button-text\">GALERIE FOTO<\/span>\n\t\t\t\t\t<\/span>\n\t\t\t\t\t<\/a>\n\t\t\t\t<\/div>\n\t\t\t\t\t\t\t\t<\/div>\n\t\t\t\t<\/div>\n\t\t\t\t\t<\/div>\n\t\t<\/div>\n\t\t\t\t\t<\/div>\n\t\t<\/section>\n\t\t\t\t<\/div>\n\t\t","protected":false},"excerpt":{"rendered":"<p>Direc\u021bia C\u0103mine \u0219i Cantine cuprinde Cantina nr. 2 care este localizat\u0103 \u00een Gala\u021bi, pe str Domneasc\u0103, nr 155, \u00een Campusul Universitar \u201eAl. I. Cuza\u201d \u0219i o microcantin\u0103\u00a0aflat\u0103 \u00een cadrul Universit\u0103\u021bii Dun\u0103rea de Jos din Gala\u021bi, pe str Domneasc\u0103, nr 47. LOCATII MENIU ANGAJATI MENIU STUDENTI GALERIE FOTO<\/p>\n","protected":false},"author":8,"featured_media":0,"parent":0,"menu_order":2,"comment_status":"closed","ping_status":"closed","template":"elementor_theme","meta":{"footnotes":""},"_links":{"self":[{"href":"https:\/\/campus.ugal.ro\/ccps\/wp-json\/wp\/v2\/pages\/152"}],"collection":[{"href":"https:\/\/campus.ugal.ro\/ccps\/wp-json\/wp\/v2\/pages"}],"about":[{"href":"https:\/\/campus.ugal.ro\/ccps\/wp-json\/wp\/v2\/types\/page"}],"author":[{"embeddable":true,"href":"https:\/\/campus.ugal.ro\/ccps\/wp-json\/wp\/v2\/users\/8"}],"replies":[{"embeddable":true,"href":"https:\/\/campus.ugal.ro\/ccps\/wp-json\/wp\/v2\/comments?post=152"}],"version-history":[{"count":146,"href":"https:\/\/campus.ugal.ro\/ccps\/wp-json\/wp\/v2\/pages\/152\/revisions"}],"predecessor-version":[{"id":8352,"href":"https:\/\/campus.ugal.ro\/ccps\/wp-json\/wp\/v2\/pages\/152\/revisions\/8352"}],"wp:attachment":[{"href":"https:\/\/campus.ugal.ro\/ccps\/wp-json\/wp\/v2\/media?parent=152"}],"curies":[{"name":"wp","href":"https:\/\/api.w.org\/{rel}","templated":true}]}}