{"id":21,"date":"2018-11-11T15:28:59","date_gmt":"2018-11-11T12:28:59","guid":{"rendered":"http:\/\/bocc.ugal.ro\/?page_id=21-old"},"modified":"2024-01-17T22:39:12","modified_gmt":"2024-01-17T19:39:12","slug":"facilitati-2","status":"publish","type":"page","link":"https:\/\/campus.ugal.ro\/ccps\/facilitati-2\/","title":{"rendered":"Facilit\u0103\u021bi"},"content":{"rendered":"\t\t<div data-elementor-type=\"wp-post\" data-elementor-id=\"21\" class=\"elementor elementor-21\">\n\t\t\t\t\t\t<section class=\"elementor-section elementor-top-section elementor-element elementor-element-fc3d4fc elementor-section-boxed elementor-section-height-default elementor-section-height-default\" data-id=\"fc3d4fc\" data-element_type=\"section\">\n\t\t\t\t\t\t<div class=\"elementor-container elementor-column-gap-default\">\n\t\t\t\t\t<div class=\"elementor-column elementor-col-50 elementor-top-column elementor-element elementor-element-e2b4614\" data-id=\"e2b4614\" data-element_type=\"column\">\n\t\t\t<div class=\"elementor-widget-wrap elementor-element-populated\">\n\t\t\t\t\t\t<div class=\"elementor-element elementor-element-0a57640 elementor-invisible elementor-widget elementor-widget-image\" data-id=\"0a57640\" data-element_type=\"widget\" data-settings=\"{&quot;_animation&quot;:&quot;fadeInLeft&quot;}\" data-widget_type=\"image.default\">\n\t\t\t\t<div class=\"elementor-widget-container\">\n\t\t\t\t\t\t\t\t\t\t\t\t\t\t\t<img fetchpriority=\"high\" decoding=\"async\" width=\"1024\" height=\"472\" src=\"https:\/\/campus.ugal.ro\/ccps\/wp-content\/uploads\/2021\/06\/camin_H_fatada1-1024x472.jpg\" class=\"attachment-large size-large wp-image-2845\" alt=\"\" srcset=\"https:\/\/campus.ugal.ro\/ccps\/wp-content\/uploads\/2021\/06\/camin_H_fatada1-1024x472.jpg 1024w, https:\/\/campus.ugal.ro\/ccps\/wp-content\/uploads\/2021\/06\/camin_H_fatada1-600x277.jpg 600w, https:\/\/campus.ugal.ro\/ccps\/wp-content\/uploads\/2021\/06\/camin_H_fatada1-300x138.jpg 300w, https:\/\/campus.ugal.ro\/ccps\/wp-content\/uploads\/2021\/06\/camin_H_fatada1-768x354.jpg 768w, https:\/\/campus.ugal.ro\/ccps\/wp-content\/uploads\/2021\/06\/camin_H_fatada1-1536x709.jpg 1536w, https:\/\/campus.ugal.ro\/ccps\/wp-content\/uploads\/2021\/06\/camin_H_fatada1-2048x945.jpg 2048w, https:\/\/campus.ugal.ro\/ccps\/wp-content\/uploads\/2021\/06\/camin_H_fatada1-1920x886.jpg 1920w\" sizes=\"(max-width: 1024px) 100vw, 1024px\" \/>\t\t\t\t\t\t\t\t\t\t\t\t\t\t\t<\/div>\n\t\t\t\t<\/div>\n\t\t\t\t\t<\/div>\n\t\t<\/div>\n\t\t\t\t<div class=\"elementor-column elementor-col-50 elementor-top-column elementor-element elementor-element-d47a4d9\" data-id=\"d47a4d9\" data-element_type=\"column\">\n\t\t\t<div class=\"elementor-widget-wrap elementor-element-populated\">\n\t\t\t\t\t\t<div class=\"elementor-element elementor-element-2c7e895 elementor-invisible elementor-widget elementor-widget-image\" data-id=\"2c7e895\" data-element_type=\"widget\" data-settings=\"{&quot;_animation&quot;:&quot;fadeInRight&quot;}\" data-widget_type=\"image.default\">\n\t\t\t\t<div class=\"elementor-widget-container\">\n\t\t\t\t\t\t\t\t\t\t\t\t\t\t\t<img decoding=\"async\" width=\"1024\" height=\"472\" src=\"https:\/\/campus.ugal.ro\/ccps\/wp-content\/uploads\/2021\/06\/camin_A_fatada_1-1024x472.jpg\" class=\"attachment-large size-large wp-image-2843\" alt=\"\" srcset=\"https:\/\/campus.ugal.ro\/ccps\/wp-content\/uploads\/2021\/06\/camin_A_fatada_1-1024x472.jpg 1024w, https:\/\/campus.ugal.ro\/ccps\/wp-content\/uploads\/2021\/06\/camin_A_fatada_1-600x277.jpg 600w, https:\/\/campus.ugal.ro\/ccps\/wp-content\/uploads\/2021\/06\/camin_A_fatada_1-300x138.jpg 300w, https:\/\/campus.ugal.ro\/ccps\/wp-content\/uploads\/2021\/06\/camin_A_fatada_1-768x354.jpg 768w, https:\/\/campus.ugal.ro\/ccps\/wp-content\/uploads\/2021\/06\/camin_A_fatada_1-1536x709.jpg 1536w, https:\/\/campus.ugal.ro\/ccps\/wp-content\/uploads\/2021\/06\/camin_A_fatada_1-2048x945.jpg 2048w, https:\/\/campus.ugal.ro\/ccps\/wp-content\/uploads\/2021\/06\/camin_A_fatada_1-1920x886.jpg 1920w\" sizes=\"(max-width: 1024px) 100vw, 1024px\" \/>\t\t\t\t\t\t\t\t\t\t\t\t\t\t\t<\/div>\n\t\t\t\t<\/div>\n\t\t\t\t\t<\/div>\n\t\t<\/div>\n\t\t\t\t\t<\/div>\n\t\t<\/section>\n\t\t\t\t<section class=\"elementor-section elementor-top-section elementor-element elementor-element-d34e441 elementor-section-boxed elementor-section-height-default elementor-section-height-default\" data-id=\"d34e441\" data-element_type=\"section\">\n\t\t\t\t\t\t<div class=\"elementor-container elementor-column-gap-default\">\n\t\t\t\t\t<div class=\"elementor-column elementor-col-20 elementor-top-column elementor-element elementor-element-627b926\" data-id=\"627b926\" data-element_type=\"column\">\n\t\t\t<div class=\"elementor-widget-wrap elementor-element-populated\">\n\t\t\t\t\t\t<div class=\"elementor-element elementor-element-335ef28 elementor-align-center elementor-widget elementor-widget-button\" data-id=\"335ef28\" data-element_type=\"widget\" data-widget_type=\"button.default\">\n\t\t\t\t<div class=\"elementor-widget-container\">\n\t\t\t\t\t\t\t\t\t<div class=\"elementor-button-wrapper\">\n\t\t\t\t\t<a class=\"elementor-button elementor-button-link elementor-size-sm\" href=\"http:\/\/campus.ugal.ro\/spalatorie\/\">\n\t\t\t\t\t\t<span class=\"elementor-button-content-wrapper\">\n\t\t\t\t\t\t\t\t\t<span class=\"elementor-button-text\">Sp\u0103l\u0103torie<\/span>\n\t\t\t\t\t<\/span>\n\t\t\t\t\t<\/a>\n\t\t\t\t<\/div>\n\t\t\t\t\t\t\t\t<\/div>\n\t\t\t\t<\/div>\n\t\t\t\t\t<\/div>\n\t\t<\/div>\n\t\t\t\t<div class=\"elementor-column elementor-col-20 elementor-top-column elementor-element elementor-element-5191b00\" data-id=\"5191b00\" data-element_type=\"column\">\n\t\t\t<div class=\"elementor-widget-wrap elementor-element-populated\">\n\t\t\t\t\t\t<div class=\"elementor-element elementor-element-9aa3e68 elementor-align-center elementor-widget elementor-widget-button\" data-id=\"9aa3e68\" data-element_type=\"widget\" data-widget_type=\"button.default\">\n\t\t\t\t<div class=\"elementor-widget-container\">\n\t\t\t\t\t\t\t\t\t<div class=\"elementor-button-wrapper\">\n\t\t\t\t\t<a class=\"elementor-button elementor-button-link elementor-size-sm\" href=\"http:\/\/campus.ugal.ro\/locatie\/sali-de-sport\/\">\n\t\t\t\t\t\t<span class=\"elementor-button-content-wrapper\">\n\t\t\t\t\t\t\t\t\t<span class=\"elementor-button-text\">S\u0103li de sport<\/span>\n\t\t\t\t\t<\/span>\n\t\t\t\t\t<\/a>\n\t\t\t\t<\/div>\n\t\t\t\t\t\t\t\t<\/div>\n\t\t\t\t<\/div>\n\t\t\t\t\t<\/div>\n\t\t<\/div>\n\t\t\t\t<div class=\"elementor-column elementor-col-20 elementor-top-column elementor-element elementor-element-1ba23fc\" data-id=\"1ba23fc\" data-element_type=\"column\">\n\t\t\t<div class=\"elementor-widget-wrap elementor-element-populated\">\n\t\t\t\t\t\t<div class=\"elementor-element elementor-element-9200314 elementor-align-center elementor-widget elementor-widget-button\" data-id=\"9200314\" data-element_type=\"widget\" data-widget_type=\"button.default\">\n\t\t\t\t<div class=\"elementor-widget-container\">\n\t\t\t\t\t\t\t\t\t<div class=\"elementor-button-wrapper\">\n\t\t\t\t\t<a class=\"elementor-button elementor-button-link elementor-size-sm\" href=\"http:\/\/campus.ugal.ro\/sali-de-lectura\/\">\n\t\t\t\t\t\t<span class=\"elementor-button-content-wrapper\">\n\t\t\t\t\t\t\t\t\t<span class=\"elementor-button-text\">S\u0103li de lectur\u0103<\/span>\n\t\t\t\t\t<\/span>\n\t\t\t\t\t<\/a>\n\t\t\t\t<\/div>\n\t\t\t\t\t\t\t\t<\/div>\n\t\t\t\t<\/div>\n\t\t\t\t\t<\/div>\n\t\t<\/div>\n\t\t\t\t<div class=\"elementor-column elementor-col-20 elementor-top-column elementor-element elementor-element-a5a98c6\" data-id=\"a5a98c6\" data-element_type=\"column\">\n\t\t\t<div class=\"elementor-widget-wrap elementor-element-populated\">\n\t\t\t\t\t\t<div class=\"elementor-element elementor-element-44f35bb elementor-align-center elementor-widget elementor-widget-button\" data-id=\"44f35bb\" data-element_type=\"widget\" data-widget_type=\"button.default\">\n\t\t\t\t<div class=\"elementor-widget-container\">\n\t\t\t\t\t\t\t\t\t<div class=\"elementor-button-wrapper\">\n\t\t\t\t\t<a class=\"elementor-button elementor-button-link elementor-size-sm\" href=\"http:\/\/campus.ugal.ro\/facilitati\/capela-studenteasca\/\">\n\t\t\t\t\t\t<span class=\"elementor-button-content-wrapper\">\n\t\t\t\t\t\t\t\t\t<span class=\"elementor-button-text\">Capel\u0103 studen\u021beasc\u0103<\/span>\n\t\t\t\t\t<\/span>\n\t\t\t\t\t<\/a>\n\t\t\t\t<\/div>\n\t\t\t\t\t\t\t\t<\/div>\n\t\t\t\t<\/div>\n\t\t\t\t\t<\/div>\n\t\t<\/div>\n\t\t\t\t<div class=\"elementor-column elementor-col-20 elementor-top-column elementor-element elementor-element-8d6306e\" data-id=\"8d6306e\" data-element_type=\"column\">\n\t\t\t<div class=\"elementor-widget-wrap elementor-element-populated\">\n\t\t\t\t\t\t<div class=\"elementor-element elementor-element-7bf00c4 elementor-align-center elementor-widget elementor-widget-button\" data-id=\"7bf00c4\" data-element_type=\"widget\" data-widget_type=\"button.default\">\n\t\t\t\t<div class=\"elementor-widget-container\">\n\t\t\t\t\t\t\t\t\t<div class=\"elementor-button-wrapper\">\n\t\t\t\t\t<a class=\"elementor-button elementor-button-link elementor-size-sm\" href=\"http:\/\/campus.ugal.ro\/facilitati\/dispensar-studentesc\/\">\n\t\t\t\t\t\t<span class=\"elementor-button-content-wrapper\">\n\t\t\t\t\t\t\t\t\t<span class=\"elementor-button-text\">Dispensar studen\u021besc<\/span>\n\t\t\t\t\t<\/span>\n\t\t\t\t\t<\/a>\n\t\t\t\t<\/div>\n\t\t\t\t\t\t\t\t<\/div>\n\t\t\t\t<\/div>\n\t\t\t\t\t<\/div>\n\t\t<\/div>\n\t\t\t\t\t<\/div>\n\t\t<\/section>\n\t\t\t\t<\/div>\n\t\t","protected":false},"excerpt":{"rendered":"<p>Sp\u0103l\u0103torie S\u0103li de sport S\u0103li de lectur\u0103 Capel\u0103 studen\u021beasc\u0103 Dispensar studen\u021besc<\/p>\n","protected":false},"author":8,"featured_media":0,"parent":0,"menu_order":6,"comment_status":"closed","ping_status":"closed","template":"","meta":{"footnotes":""},"_links":{"self":[{"href":"https:\/\/campus.ugal.ro\/ccps\/wp-json\/wp\/v2\/pages\/21"}],"collection":[{"href":"https:\/\/campus.ugal.ro\/ccps\/wp-json\/wp\/v2\/pages"}],"about":[{"href":"https:\/\/campus.ugal.ro\/ccps\/wp-json\/wp\/v2\/types\/page"}],"author":[{"embeddable":true,"href":"https:\/\/campus.ugal.ro\/ccps\/wp-json\/wp\/v2\/users\/8"}],"replies":[{"embeddable":true,"href":"https:\/\/campus.ugal.ro\/ccps\/wp-json\/wp\/v2\/comments?post=21"}],"version-history":[{"count":72,"href":"https:\/\/campus.ugal.ro\/ccps\/wp-json\/wp\/v2\/pages\/21\/revisions"}],"predecessor-version":[{"id":8285,"href":"https:\/\/campus.ugal.ro\/ccps\/wp-json\/wp\/v2\/pages\/21\/revisions\/8285"}],"wp:attachment":[{"href":"https:\/\/campus.ugal.ro\/ccps\/wp-json\/wp\/v2\/media?parent=21"}],"curies":[{"name":"wp","href":"https:\/\/api.w.org\/{rel}","templated":true}]}}