{"id":3598,"date":"2021-11-19T00:39:05","date_gmt":"2021-11-18T21:39:05","guid":{"rendered":"http:\/\/tempsite.ugal.ro\/0-campus\/?page_id=3598-old"},"modified":"2024-01-17T21:10:15","modified_gmt":"2024-01-17T18:10:15","slug":"centrul-de-kineto-ugal","status":"publish","type":"page","link":"https:\/\/campus.ugal.ro\/ccps\/centrul-de-kineto-ugal\/","title":{"rendered":"Centrul de Kineto-UGAL"},"content":{"rendered":"\t\t<div data-elementor-type=\"wp-page\" data-elementor-id=\"3598\" class=\"elementor elementor-3598\">\n\t\t\t\t\t\t<section class=\"elementor-section elementor-top-section elementor-element elementor-element-1802ae elementor-section-boxed elementor-section-height-default elementor-section-height-default\" data-id=\"1802ae\" data-element_type=\"section\">\n\t\t\t\t\t\t<div class=\"elementor-container elementor-column-gap-default\">\n\t\t\t\t\t<div class=\"elementor-column elementor-col-100 elementor-top-column elementor-element elementor-element-56fc948a\" data-id=\"56fc948a\" data-element_type=\"column\">\n\t\t\t<div class=\"elementor-widget-wrap elementor-element-populated\">\n\t\t\t\t\t\t<div class=\"elementor-element elementor-element-687e2a47 elementor-widget elementor-widget-text-editor\" data-id=\"687e2a47\" data-element_type=\"widget\" data-widget_type=\"text-editor.default\">\n\t\t\t\t<div class=\"elementor-widget-container\">\n\t\t\t\t\t\t\t\t\t<div>\n<div class=\"innerblocks-wrap\">Centrul de Kinetoterapie al Facult\u0103\u021bii de Educa\u021bie Fizic\u0103 si Sport din cadrul Universit\u0103\u021bii \u201eDun\u0103rea de Jos\u201d din Gala\u021bi este situat pe strada G\u0103rii 63-65. Acesta reprezint\u0103 un centru modern \u00een domeniul<br \/>recuper\u0103rii medicale.<\/div>\n<div class=\"innerblocks-wrap\">\u00a0<\/div>\n<div class=\"innerblocks-wrap\">Kineto-UGAL dispune de aparatur\u0103 modern\u0103 \u0219i non-invaziv\u0103 de evaluare \u0219i tratament a diferitelor afec\u021biuni, toate acestea pot constitui elemente importante \u00een atragerea viitorilor no\u0219tri studen\u021bi pe care s\u0103 \u00eei form\u0103m \u0219i s\u0103 \u00eei coopt\u0103m al\u0103turi de noi.<\/div>\n<div class=\"innerblocks-wrap\">\u00a0<\/div>\n<div class=\"innerblocks-wrap\">\u00cen cadrul Centrului de Kinetoterapie avem urm\u0103toarele compartimente\/s\u0103li:<\/div>\n<ul>\n<li class=\"innerblocks-wrap\">fizioterapie;<\/li>\n<li class=\"innerblocks-wrap\">2 s\u0103li de kinetoterapie;<\/li>\n<li class=\"innerblocks-wrap\">sala de fitness;<\/li>\n<li class=\"innerblocks-wrap\">sala de aerobic;<\/li>\n<li class=\"innerblocks-wrap\">masaj;<\/li>\n<li class=\"innerblocks-wrap\">sal\u0103 de evaluare posturo-plantar\u0103 \u0219i a compozi\u021biei corporale;<\/li>\n<li class=\"innerblocks-wrap\">hidroterapie.<\/li>\n<\/ul>\n<\/div>\t\t\t\t\t\t\t\t<\/div>\n\t\t\t\t<\/div>\n\t\t\t\t\t<\/div>\n\t\t<\/div>\n\t\t\t\t\t<\/div>\n\t\t<\/section>\n\t\t\t\t<section class=\"elementor-section elementor-top-section elementor-element elementor-element-3c4c440 elementor-section-boxed elementor-section-height-default elementor-section-height-default\" data-id=\"3c4c440\" data-element_type=\"section\">\n\t\t\t\t\t\t<div class=\"elementor-container elementor-column-gap-default\">\n\t\t\t\t\t<div class=\"elementor-column elementor-col-100 elementor-top-column elementor-element elementor-element-1dd622c\" data-id=\"1dd622c\" data-element_type=\"column\">\n\t\t\t<div class=\"elementor-widget-wrap elementor-element-populated\">\n\t\t\t\t\t\t<div class=\"elementor-element elementor-element-c1b105c elementor-widget elementor-widget-image\" data-id=\"c1b105c\" data-element_type=\"widget\" data-widget_type=\"image.default\">\n\t\t\t\t<div class=\"elementor-widget-container\">\n\t\t\t\t\t\t\t\t\t\t\t\t\t\t\t<img fetchpriority=\"high\" decoding=\"async\" width=\"1024\" height=\"468\" src=\"https:\/\/campus.ugal.ro\/ccps\/wp-content\/uploads\/2021\/12\/kineto-1024x468.jpg\" class=\"attachment-large size-large wp-image-3716\" alt=\"\" srcset=\"https:\/\/campus.ugal.ro\/ccps\/wp-content\/uploads\/2021\/12\/kineto-1024x468.jpg 1024w, https:\/\/campus.ugal.ro\/ccps\/wp-content\/uploads\/2021\/12\/kineto-600x274.jpg 600w, https:\/\/campus.ugal.ro\/ccps\/wp-content\/uploads\/2021\/12\/kineto-300x137.jpg 300w, https:\/\/campus.ugal.ro\/ccps\/wp-content\/uploads\/2021\/12\/kineto-768x351.jpg 768w, https:\/\/campus.ugal.ro\/ccps\/wp-content\/uploads\/2021\/12\/kineto.jpg 1199w\" sizes=\"(max-width: 1024px) 100vw, 1024px\" \/>\t\t\t\t\t\t\t\t\t\t\t\t\t\t\t<\/div>\n\t\t\t\t<\/div>\n\t\t\t\t\t<\/div>\n\t\t<\/div>\n\t\t\t\t\t<\/div>\n\t\t<\/section>\n\t\t\t\t<\/div>\n\t\t","protected":false},"excerpt":{"rendered":"<p>Centrul de Kinetoterapie al Facult\u0103\u021bii de Educa\u021bie Fizic\u0103 si Sport din cadrul Universit\u0103\u021bii \u201eDun\u0103rea de Jos\u201d din Gala\u021bi este situat pe strada G\u0103rii 63-65. Acesta reprezint\u0103 un centru modern \u00een domeniulrecuper\u0103rii medicale. \u00a0 Kineto-UGAL dispune de aparatur\u0103 modern\u0103 \u0219i non-invaziv\u0103 de evaluare \u0219i tratament a diferitelor afec\u021biuni, toate acestea pot constitui elemente importante \u00een atragerea&hellip; <br \/> <a class=\"read-more\" href=\"https:\/\/campus.ugal.ro\/ccps\/centrul-de-kineto-ugal\/\">Cite\u0219te mai mult<\/a><\/p>\n","protected":false},"author":8,"featured_media":0,"parent":0,"menu_order":0,"comment_status":"closed","ping_status":"closed","template":"","meta":{"footnotes":""},"_links":{"self":[{"href":"https:\/\/campus.ugal.ro\/ccps\/wp-json\/wp\/v2\/pages\/3598"}],"collection":[{"href":"https:\/\/campus.ugal.ro\/ccps\/wp-json\/wp\/v2\/pages"}],"about":[{"href":"https:\/\/campus.ugal.ro\/ccps\/wp-json\/wp\/v2\/types\/page"}],"author":[{"embeddable":true,"href":"https:\/\/campus.ugal.ro\/ccps\/wp-json\/wp\/v2\/users\/8"}],"replies":[{"embeddable":true,"href":"https:\/\/campus.ugal.ro\/ccps\/wp-json\/wp\/v2\/comments?post=3598"}],"version-history":[{"count":16,"href":"https:\/\/campus.ugal.ro\/ccps\/wp-json\/wp\/v2\/pages\/3598\/revisions"}],"predecessor-version":[{"id":8248,"href":"https:\/\/campus.ugal.ro\/ccps\/wp-json\/wp\/v2\/pages\/3598\/revisions\/8248"}],"wp:attachment":[{"href":"https:\/\/campus.ugal.ro\/ccps\/wp-json\/wp\/v2\/media?parent=3598"}],"curies":[{"name":"wp","href":"https:\/\/api.w.org\/{rel}","templated":true}]}}