{"id":3607,"date":"2021-11-19T00:46:43","date_gmt":"2021-11-18T21:46:43","guid":{"rendered":"http:\/\/tempsite.ugal.ro\/0-campus\/?page_id=3607-old"},"modified":"2024-01-17T21:15:35","modified_gmt":"2024-01-17T18:15:35","slug":"complexul-sportiv-udjg","status":"publish","type":"page","link":"https:\/\/campus.ugal.ro\/ccps\/complexul-sportiv-udjg\/","title":{"rendered":"Complexul Sportiv UDJG"},"content":{"rendered":"\t\t<div data-elementor-type=\"wp-page\" data-elementor-id=\"3607\" class=\"elementor elementor-3607\">\n\t\t\t\t\t\t<section class=\"elementor-section elementor-top-section elementor-element elementor-element-592f6a1c elementor-section-boxed elementor-section-height-default elementor-section-height-default\" data-id=\"592f6a1c\" data-element_type=\"section\">\n\t\t\t\t\t\t<div class=\"elementor-container elementor-column-gap-default\">\n\t\t\t\t\t<div class=\"elementor-column elementor-col-100 elementor-top-column elementor-element elementor-element-518f822b\" data-id=\"518f822b\" data-element_type=\"column\">\n\t\t\t<div class=\"elementor-widget-wrap elementor-element-populated\">\n\t\t\t\t\t\t<div class=\"elementor-element elementor-element-444f6970 elementor-widget elementor-widget-text-editor\" data-id=\"444f6970\" data-element_type=\"widget\" data-widget_type=\"text-editor.default\">\n\t\t\t\t<div class=\"elementor-widget-container\">\n\t\t\t\t\t\t\t\t\t<div>\n<div class=\"wp-block-themeisle-blocks-advanced-columns-overlay\"><span style=\"color: var( --e-global-color-text ); font-family: var( --e-global-typography-text-font-family ), Sans-serif; font-weight: var( --e-global-typography-text-font-weight );\">Complexul Sportiv din strada Mihai Bravu dispune de o sal\u0103 de sport modern\u0103 cu o suprafa\u021b\u0103 de 700 mp, cu tribune destinate spectatorilor, studen\u021bilor sau cadrelor didactice, unde se pot desf\u0103\u0219ura at\u00e2t lec\u021bii de educa\u021bie fizic\u0103, dar \u0219i diferite competi\u021bii sportive studen\u021be\u0219ti.<\/span><\/div>\n<div class=\"innerblocks-wrap\">Sala este prev\u0103zut\u0103 cu vestiare, s\u0103li de du\u0219, instala\u021bii sanitare, magazii pentru p\u0103strarea materialelor sportive. Complexul din Mihai Bravu dispune de un teren de tenis de c\u00e2mp de zgur\u0103, la dimensiuni<br \/>normale, pentru desf\u0103\u0219urarea partidelor de simplu dar \u0219i de dublu. \u00cen imediata vecin\u0103tate a s\u0103lii se afl\u0103 o pist\u0103 de atletism acoperit\u0103 cu zgur\u0103, av\u00e2nd o lungime de 380 m, cu trei culoare de alergare, pist\u0103 ce \u00eenconjoar\u0103 un teren de fotbal de dimensiuni 40m\/20m acoperit cu iarb\u0103 sintetic\u0103, av\u00e2nd instala\u021bie de nocturn\u0103 \u0219i fiind disponibil tuturor<br \/>Facult\u0103\u021bilor din cadrul UDJG.<\/div>\n<\/div>\t\t\t\t\t\t\t\t<\/div>\n\t\t\t\t<\/div>\n\t\t\t\t\t<\/div>\n\t\t<\/div>\n\t\t\t\t\t<\/div>\n\t\t<\/section>\n\t\t\t\t<section class=\"elementor-section elementor-top-section elementor-element elementor-element-3088b36 elementor-section-boxed elementor-section-height-default elementor-section-height-default\" data-id=\"3088b36\" data-element_type=\"section\">\n\t\t\t\t\t\t<div class=\"elementor-container elementor-column-gap-default\">\n\t\t\t\t\t<div class=\"elementor-column elementor-col-100 elementor-top-column elementor-element elementor-element-eca44f6\" data-id=\"eca44f6\" data-element_type=\"column\">\n\t\t\t<div class=\"elementor-widget-wrap elementor-element-populated\">\n\t\t\t\t\t\t<div class=\"elementor-element elementor-element-5caea10 elementor-widget elementor-widget-image\" data-id=\"5caea10\" data-element_type=\"widget\" data-widget_type=\"image.default\">\n\t\t\t\t<div class=\"elementor-widget-container\">\n\t\t\t\t\t\t\t\t\t\t\t\t\t\t\t<img fetchpriority=\"high\" decoding=\"async\" width=\"1024\" height=\"498\" src=\"https:\/\/campus.ugal.ro\/ccps\/wp-content\/uploads\/2021\/11\/11-1024x498.png\" class=\"attachment-large size-large wp-image-3612\" alt=\"\" srcset=\"https:\/\/campus.ugal.ro\/ccps\/wp-content\/uploads\/2021\/11\/11-1024x498.png 1024w, https:\/\/campus.ugal.ro\/ccps\/wp-content\/uploads\/2021\/11\/11-600x292.png 600w, https:\/\/campus.ugal.ro\/ccps\/wp-content\/uploads\/2021\/11\/11-300x146.png 300w, https:\/\/campus.ugal.ro\/ccps\/wp-content\/uploads\/2021\/11\/11-768x373.png 768w, https:\/\/campus.ugal.ro\/ccps\/wp-content\/uploads\/2021\/11\/11-1536x746.png 1536w, https:\/\/campus.ugal.ro\/ccps\/wp-content\/uploads\/2021\/11\/11.png 1706w\" sizes=\"(max-width: 1024px) 100vw, 1024px\" \/>\t\t\t\t\t\t\t\t\t\t\t\t\t\t\t<\/div>\n\t\t\t\t<\/div>\n\t\t\t\t\t<\/div>\n\t\t<\/div>\n\t\t\t\t\t<\/div>\n\t\t<\/section>\n\t\t\t\t<\/div>\n\t\t","protected":false},"excerpt":{"rendered":"<p>Complexul Sportiv din strada Mihai Bravu dispune de o sal\u0103 de sport modern\u0103 cu o suprafa\u021b\u0103 de 700 mp, cu tribune destinate spectatorilor, studen\u021bilor sau cadrelor didactice, unde se pot desf\u0103\u0219ura at\u00e2t lec\u021bii de educa\u021bie fizic\u0103, dar \u0219i diferite competi\u021bii sportive studen\u021be\u0219ti. Sala este prev\u0103zut\u0103 cu vestiare, s\u0103li de du\u0219, instala\u021bii sanitare, magazii pentru p\u0103strarea&hellip; <br \/> <a class=\"read-more\" href=\"https:\/\/campus.ugal.ro\/ccps\/complexul-sportiv-udjg\/\">Cite\u0219te mai mult<\/a><\/p>\n","protected":false},"author":8,"featured_media":0,"parent":0,"menu_order":0,"comment_status":"closed","ping_status":"closed","template":"","meta":{"footnotes":""},"_links":{"self":[{"href":"https:\/\/campus.ugal.ro\/ccps\/wp-json\/wp\/v2\/pages\/3607"}],"collection":[{"href":"https:\/\/campus.ugal.ro\/ccps\/wp-json\/wp\/v2\/pages"}],"about":[{"href":"https:\/\/campus.ugal.ro\/ccps\/wp-json\/wp\/v2\/types\/page"}],"author":[{"embeddable":true,"href":"https:\/\/campus.ugal.ro\/ccps\/wp-json\/wp\/v2\/users\/8"}],"replies":[{"embeddable":true,"href":"https:\/\/campus.ugal.ro\/ccps\/wp-json\/wp\/v2\/comments?post=3607"}],"version-history":[{"count":15,"href":"https:\/\/campus.ugal.ro\/ccps\/wp-json\/wp\/v2\/pages\/3607\/revisions"}],"predecessor-version":[{"id":8255,"href":"https:\/\/campus.ugal.ro\/ccps\/wp-json\/wp\/v2\/pages\/3607\/revisions\/8255"}],"wp:attachment":[{"href":"https:\/\/campus.ugal.ro\/ccps\/wp-json\/wp\/v2\/media?parent=3607"}],"curies":[{"name":"wp","href":"https:\/\/api.w.org\/{rel}","templated":true}]}}