{"id":3694,"date":"2021-12-10T14:52:58","date_gmt":"2021-12-10T11:52:58","guid":{"rendered":"http:\/\/tempsite.ugal.ro\/0-campus\/?page_id=3694-old"},"modified":"2024-01-17T21:00:21","modified_gmt":"2024-01-17T18:00:21","slug":"centrul-de-consiliere-si-orientare-in-cariera","status":"publish","type":"page","link":"https:\/\/campus.ugal.ro\/ccps\/centrul-de-consiliere-si-orientare-in-cariera\/","title":{"rendered":"Centrul de Consiliere \u0219i Orientare \u00een Carier\u0103"},"content":{"rendered":"\t\t<div data-elementor-type=\"wp-page\" data-elementor-id=\"3694\" class=\"elementor elementor-3694\">\n\t\t\t\t\t\t<section class=\"elementor-section elementor-top-section elementor-element elementor-element-1b3dc1b elementor-section-boxed elementor-section-height-default elementor-section-height-default\" data-id=\"1b3dc1b\" data-element_type=\"section\">\n\t\t\t\t\t\t<div class=\"elementor-container elementor-column-gap-default\">\n\t\t\t\t\t<div class=\"elementor-column elementor-col-100 elementor-top-column elementor-element elementor-element-fc06d71\" data-id=\"fc06d71\" data-element_type=\"column\">\n\t\t\t<div class=\"elementor-widget-wrap elementor-element-populated\">\n\t\t\t\t\t\t<div class=\"elementor-element elementor-element-c285944 elementor-widget elementor-widget-text-editor\" data-id=\"c285944\" data-element_type=\"widget\" data-widget_type=\"text-editor.default\">\n\t\t\t\t<div class=\"elementor-widget-container\">\n\t\t\t\t\t\t\t\t\t<p><a href=\"http:\/\/ccoc.ugal.ro\/\" target=\"_blank\" rel=\"noopener\">Activit\u0103\u021bile Centrului de Consiliere \u0219i Orientare \u00een Carier\u0103 pot fi vizualizate aici.<\/a><\/p>\t\t\t\t\t\t\t\t<\/div>\n\t\t\t\t<\/div>\n\t\t\t\t\t<\/div>\n\t\t<\/div>\n\t\t\t\t\t<\/div>\n\t\t<\/section>\n\t\t\t\t<section class=\"elementor-section elementor-top-section elementor-element elementor-element-7eaea3ae elementor-section-boxed elementor-section-height-default elementor-section-height-default\" data-id=\"7eaea3ae\" data-element_type=\"section\">\n\t\t\t\t\t\t<div class=\"elementor-container elementor-column-gap-default\">\n\t\t\t\t\t<div class=\"elementor-column elementor-col-100 elementor-top-column elementor-element elementor-element-6a10ca46\" data-id=\"6a10ca46\" data-element_type=\"column\">\n\t\t\t<div class=\"elementor-widget-wrap elementor-element-populated\">\n\t\t\t\t\t\t<div class=\"elementor-element elementor-element-0caa3d5 elementor-widget elementor-widget-video\" data-id=\"0caa3d5\" data-element_type=\"widget\" data-settings=\"{&quot;youtube_url&quot;:&quot;https:\\\/\\\/youtu.be\\\/Q8dOANuyZr0&quot;,&quot;video_type&quot;:&quot;youtube&quot;,&quot;controls&quot;:&quot;yes&quot;}\" data-widget_type=\"video.default\">\n\t\t\t\t<div class=\"elementor-widget-container\">\n\t\t\t\t\t\t\t<div class=\"elementor-wrapper elementor-open-inline\">\n\t\t\t<div class=\"elementor-video\"><\/div>\t\t<\/div>\n\t\t\t\t\t\t<\/div>\n\t\t\t\t<\/div>\n\t\t\t\t\t<\/div>\n\t\t<\/div>\n\t\t\t\t\t<\/div>\n\t\t<\/section>\n\t\t\t\t<section class=\"elementor-section elementor-top-section elementor-element elementor-element-15becfd elementor-section-boxed elementor-section-height-default elementor-section-height-default\" data-id=\"15becfd\" data-element_type=\"section\">\n\t\t\t\t\t\t<div class=\"elementor-container elementor-column-gap-default\">\n\t\t\t\t\t<div class=\"elementor-column elementor-col-100 elementor-top-column elementor-element elementor-element-4d92e89\" data-id=\"4d92e89\" data-element_type=\"column\">\n\t\t\t<div class=\"elementor-widget-wrap elementor-element-populated\">\n\t\t\t\t\t\t<div class=\"elementor-element elementor-element-97b6799 elementor-widget elementor-widget-text-editor\" data-id=\"97b6799\" data-element_type=\"widget\" data-widget_type=\"text-editor.default\">\n\t\t\t\t<div class=\"elementor-widget-container\">\n\t\t\t\t\t\t\t\t\t<p><strong>Centrul de Consiliere \u0219i Orientare \u00een Carier\u0103\u00a0<\/strong>func\u021bioneaz\u0103 \u00een cadrul Universit\u0103\u021bii \u201eDun\u0103rea de Jos\u201d din Gala\u021bi \u0219i urm\u0103re\u0219te s\u0103 sus\u021bin\u0103 \u0219i s\u0103 \u00eendrume elevii\/studen\u021bii \u00een alegerea unui traseu educa\u021bional \u0219i\/sau profesional prin activit\u0103\u0163i specifice de consiliere \u015fi orientare care vor viza: orientarea \u015fi consilierea elevilor\/studen\u0163ilor astfel \u00eenc\u00e2t ace\u015ftia s\u0103 poat\u0103 s\u0103 fie capabili s\u0103 \u00ee\u015fi poat\u0103 planifica \u015fi gestiona \u00een mod optim propriul traseu educa\u0163ional \u015fi de carier\u0103; reducerea abandonului universitar din motive profesionale, dar \u0219i personale sau de adaptare la mediul universitar; facilitarea rela\u0163iei dintre studen\u0163i\/absolven\u0163i \u015fi pia\u0163a muncii.<\/p>\t\t\t\t\t\t\t\t<\/div>\n\t\t\t\t<\/div>\n\t\t\t\t\t<\/div>\n\t\t<\/div>\n\t\t\t\t\t<\/div>\n\t\t<\/section>\n\t\t\t\t<\/div>\n\t\t","protected":false},"excerpt":{"rendered":"<p>Activit\u0103\u021bile Centrului de Consiliere \u0219i Orientare \u00een Carier\u0103 pot fi vizualizate aici. https:\/\/youtu.be\/Q8dOANuyZr0 Centrul de Consiliere \u0219i Orientare \u00een Carier\u0103\u00a0func\u021bioneaz\u0103 \u00een cadrul Universit\u0103\u021bii \u201eDun\u0103rea de Jos\u201d din Gala\u021bi \u0219i urm\u0103re\u0219te s\u0103 sus\u021bin\u0103 \u0219i s\u0103 \u00eendrume elevii\/studen\u021bii \u00een alegerea unui traseu educa\u021bional \u0219i\/sau profesional prin activit\u0103\u0163i specifice de consiliere \u015fi orientare care vor viza: orientarea \u015fi&hellip; <br \/> <a class=\"read-more\" href=\"https:\/\/campus.ugal.ro\/ccps\/centrul-de-consiliere-si-orientare-in-cariera\/\">Cite\u0219te mai mult<\/a><\/p>\n","protected":false},"author":8,"featured_media":0,"parent":0,"menu_order":0,"comment_status":"closed","ping_status":"closed","template":"","meta":{"footnotes":""},"_links":{"self":[{"href":"https:\/\/campus.ugal.ro\/ccps\/wp-json\/wp\/v2\/pages\/3694"}],"collection":[{"href":"https:\/\/campus.ugal.ro\/ccps\/wp-json\/wp\/v2\/pages"}],"about":[{"href":"https:\/\/campus.ugal.ro\/ccps\/wp-json\/wp\/v2\/types\/page"}],"author":[{"embeddable":true,"href":"https:\/\/campus.ugal.ro\/ccps\/wp-json\/wp\/v2\/users\/8"}],"replies":[{"embeddable":true,"href":"https:\/\/campus.ugal.ro\/ccps\/wp-json\/wp\/v2\/comments?post=3694"}],"version-history":[{"count":21,"href":"https:\/\/campus.ugal.ro\/ccps\/wp-json\/wp\/v2\/pages\/3694\/revisions"}],"predecessor-version":[{"id":8244,"href":"https:\/\/campus.ugal.ro\/ccps\/wp-json\/wp\/v2\/pages\/3694\/revisions\/8244"}],"wp:attachment":[{"href":"https:\/\/campus.ugal.ro\/ccps\/wp-json\/wp\/v2\/media?parent=3694"}],"curies":[{"name":"wp","href":"https:\/\/api.w.org\/{rel}","templated":true}]}}