{"id":475,"date":"2018-11-05T17:47:13","date_gmt":"2018-11-05T14:47:13","guid":{"rendered":"http:\/\/bocc.ugal.ro\/?page_id=475-old"},"modified":"2024-01-17T22:47:33","modified_gmt":"2024-01-17T19:47:33","slug":"dispensar-studentesc","status":"publish","type":"page","link":"https:\/\/campus.ugal.ro\/ccps\/facilitati-2\/dispensar-studentesc\/","title":{"rendered":"Dispensar studen\u021besc"},"content":{"rendered":"\t\t<div data-elementor-type=\"wp-page\" data-elementor-id=\"475\" class=\"elementor elementor-475\">\n\t\t\t\t\t\t<section class=\"elementor-section elementor-top-section elementor-element elementor-element-332f0c5 elementor-section-boxed elementor-section-height-default elementor-section-height-default\" data-id=\"332f0c5\" data-element_type=\"section\">\n\t\t\t\t\t\t<div class=\"elementor-container elementor-column-gap-default\">\n\t\t\t\t\t<div class=\"elementor-column elementor-col-100 elementor-top-column elementor-element elementor-element-bf99cc2\" data-id=\"bf99cc2\" data-element_type=\"column\">\n\t\t\t<div class=\"elementor-widget-wrap elementor-element-populated\">\n\t\t\t\t\t\t<div class=\"elementor-element elementor-element-81c9ec1 elementor-widget elementor-widget-text-editor\" data-id=\"81c9ec1\" data-element_type=\"widget\" data-widget_type=\"text-editor.default\">\n\t\t\t\t<div class=\"elementor-widget-container\">\n\t\t\t\t\t\t\t\t\t<p>Cabinetul medical ofer\u0103 studen\u0163ilor Universit\u0103\u0163ii ,,Dun\u0103rea de Jos&#8221; din Gala\u0163i asisten\u0163\u0103 medical\u0103 primar\u0103 \u0219i servicii de stomatologie.<\/p><p>To\u0163i studen\u0163ii Universit\u0103\u0163ii ,,Dun\u0103rea de Jos&#8221; Gala\u0163i pot beneficia de urm\u0103toarele servicii medicale:<\/p><ul><li>consulta\u0163ii medicale \u015fi terapie: medicin\u0103 preventiv\u0103 \u015fi curativ\u0103;<\/li><li>consulta\u0163ii medicale stomatologice;<\/li><li>consiliere \u015fi planificare familial\u0103: consiliere contracep\u0163ie;<\/li><li>consiliere psihologic\u0103.<\/li><\/ul>\t\t\t\t\t\t\t\t<\/div>\n\t\t\t\t<\/div>\n\t\t\t\t\t<\/div>\n\t\t<\/div>\n\t\t\t\t\t<\/div>\n\t\t<\/section>\n\t\t\t\t<section class=\"elementor-section elementor-top-section elementor-element elementor-element-38733af elementor-section-boxed elementor-section-height-default elementor-section-height-default\" data-id=\"38733af\" data-element_type=\"section\">\n\t\t\t\t\t\t<div class=\"elementor-container elementor-column-gap-default\">\n\t\t\t\t\t<div class=\"elementor-column elementor-col-50 elementor-top-column elementor-element elementor-element-663637d\" data-id=\"663637d\" data-element_type=\"column\">\n\t\t\t<div class=\"elementor-widget-wrap elementor-element-populated\">\n\t\t\t\t\t\t<div class=\"elementor-element elementor-element-9cecff2 elementor-widget elementor-widget-text-editor\" data-id=\"9cecff2\" data-element_type=\"widget\" data-widget_type=\"text-editor.default\">\n\t\t\t\t<div class=\"elementor-widget-container\">\n\t\t\t\t\t\t\t\t\t<p><strong>Cabinet medical:<\/strong><\/p><ul><li>C\u0103min Studen\u021besc F, Strada Parcului 4<\/li><li>Tel: 0756 137 256<\/li><\/ul><p><strong>Program consulta\u021bii medicale:<\/strong><\/p><ul><li>Luni &#8211; Vineri &#8211; 08:00 &#8211; 13:00<\/li><\/ul><p><strong>Program cabinet stomatologic:<\/strong><\/p><ul><li>Luni &#8211; Vineri &#8211; 07:00 &#8211; 15:00<\/li><\/ul><p><strong>Program cabinet psihologic:<\/strong><\/p><ul><li>Luni &#8211; Vineri &#8211; 08:00 &#8211; 15:00<\/li><\/ul>\t\t\t\t\t\t\t\t<\/div>\n\t\t\t\t<\/div>\n\t\t\t\t\t<\/div>\n\t\t<\/div>\n\t\t\t\t<div class=\"elementor-column elementor-col-50 elementor-top-column elementor-element elementor-element-68e44e6\" data-id=\"68e44e6\" data-element_type=\"column\">\n\t\t\t<div class=\"elementor-widget-wrap elementor-element-populated\">\n\t\t\t\t\t\t<div class=\"elementor-element elementor-element-318ca38 elementor-widget elementor-widget-image\" data-id=\"318ca38\" data-element_type=\"widget\" data-widget_type=\"image.default\">\n\t\t\t\t<div class=\"elementor-widget-container\">\n\t\t\t\t\t\t\t\t\t\t\t\t\t\t\t<img fetchpriority=\"high\" decoding=\"async\" width=\"377\" height=\"326\" src=\"https:\/\/campus.ugal.ro\/ccps\/wp-content\/uploads\/2021\/12\/ewcwc.jpg\" class=\"attachment-large size-large wp-image-3747\" alt=\"\" srcset=\"https:\/\/campus.ugal.ro\/ccps\/wp-content\/uploads\/2021\/12\/ewcwc.jpg 377w, https:\/\/campus.ugal.ro\/ccps\/wp-content\/uploads\/2021\/12\/ewcwc-300x259.jpg 300w\" sizes=\"(max-width: 377px) 100vw, 377px\" \/>\t\t\t\t\t\t\t\t\t\t\t\t\t\t\t<\/div>\n\t\t\t\t<\/div>\n\t\t\t\t\t<\/div>\n\t\t<\/div>\n\t\t\t\t\t<\/div>\n\t\t<\/section>\n\t\t\t\t<\/div>\n\t\t","protected":false},"excerpt":{"rendered":"<p>Cabinetul medical ofer\u0103 studen\u0163ilor Universit\u0103\u0163ii ,,Dun\u0103rea de Jos&#8221; din Gala\u0163i asisten\u0163\u0103 medical\u0103 primar\u0103 \u0219i servicii de stomatologie. To\u0163i studen\u0163ii Universit\u0103\u0163ii ,,Dun\u0103rea de Jos&#8221; Gala\u0163i pot beneficia de urm\u0103toarele servicii medicale: consulta\u0163ii medicale \u015fi terapie: medicin\u0103 preventiv\u0103 \u015fi curativ\u0103; consulta\u0163ii medicale stomatologice; consiliere \u015fi planificare familial\u0103: consiliere contracep\u0163ie; consiliere psihologic\u0103. Cabinet medical: C\u0103min Studen\u021besc F, Strada&hellip; <br \/> <a class=\"read-more\" href=\"https:\/\/campus.ugal.ro\/ccps\/facilitati-2\/dispensar-studentesc\/\">Cite\u0219te mai mult<\/a><\/p>\n","protected":false},"author":8,"featured_media":0,"parent":21,"menu_order":0,"comment_status":"closed","ping_status":"closed","template":"","meta":{"footnotes":""},"_links":{"self":[{"href":"https:\/\/campus.ugal.ro\/ccps\/wp-json\/wp\/v2\/pages\/475"}],"collection":[{"href":"https:\/\/campus.ugal.ro\/ccps\/wp-json\/wp\/v2\/pages"}],"about":[{"href":"https:\/\/campus.ugal.ro\/ccps\/wp-json\/wp\/v2\/types\/page"}],"author":[{"embeddable":true,"href":"https:\/\/campus.ugal.ro\/ccps\/wp-json\/wp\/v2\/users\/8"}],"replies":[{"embeddable":true,"href":"https:\/\/campus.ugal.ro\/ccps\/wp-json\/wp\/v2\/comments?post=475"}],"version-history":[{"count":51,"href":"https:\/\/campus.ugal.ro\/ccps\/wp-json\/wp\/v2\/pages\/475\/revisions"}],"predecessor-version":[{"id":8288,"href":"https:\/\/campus.ugal.ro\/ccps\/wp-json\/wp\/v2\/pages\/475\/revisions\/8288"}],"up":[{"embeddable":true,"href":"https:\/\/campus.ugal.ro\/ccps\/wp-json\/wp\/v2\/pages\/21"}],"wp:attachment":[{"href":"https:\/\/campus.ugal.ro\/ccps\/wp-json\/wp\/v2\/media?parent=475"}],"curies":[{"name":"wp","href":"https:\/\/api.w.org\/{rel}","templated":true}]}}