{"id":7,"date":"2018-10-01T15:20:41","date_gmt":"2018-10-01T12:20:41","guid":{"rendered":"http:\/\/bocc.ugal.ro\/?page_id=7-old"},"modified":"2024-01-17T22:25:21","modified_gmt":"2024-01-17T19:25:21","slug":"locatii-camine","status":"publish","type":"page","link":"https:\/\/campus.ugal.ro\/ccps\/locatii-camine\/","title":{"rendered":"Loca\u021bii c\u0103mine"},"content":{"rendered":"\t\t<div data-elementor-type=\"wp-page\" data-elementor-id=\"7\" class=\"elementor elementor-7\">\n\t\t\t\t\t\t<section class=\"elementor-section elementor-top-section elementor-element elementor-element-1646872 elementor-section-boxed elementor-section-height-default elementor-section-height-default\" data-id=\"1646872\" data-element_type=\"section\">\n\t\t\t\t\t\t<div class=\"elementor-container elementor-column-gap-default\">\n\t\t\t\t\t<div class=\"elementor-column elementor-col-100 elementor-top-column elementor-element elementor-element-29610f7\" data-id=\"29610f7\" data-element_type=\"column\">\n\t\t\t<div class=\"elementor-widget-wrap elementor-element-populated\">\n\t\t\t\t\t\t<div class=\"elementor-element elementor-element-f9cfcd0 elementor-widget elementor-widget-text-editor\" data-id=\"f9cfcd0\" data-element_type=\"widget\" data-widget_type=\"text-editor.default\">\n\t\t\t\t<div class=\"elementor-widget-container\">\n\t\t\t\t\t\t\t\t\t<p><span style=\"padding-right: 8px; padding-left: 8px; border: 0px; font-variant-numeric: inherit; font-variant-east-asian: inherit; font-stretch: inherit; font-size: 14px; line-height: inherit; font-family: 'Open Sans', Arial, Tahoma, sans-serif; vertical-align: baseline; background: #3d9bdd; color: #ffffff; text-align: justify;\">UNIVERSITATEA \u201e DUN\u0102REA DE JOS \u201d DIN GALA\u0162I<\/span><span style=\"color: #787e87; font-family: 'Open Sans', Arial, Tahoma, sans-serif; font-size: 14px; text-align: justify;\">\u00a0dispune de trei complexe studen\u0163e\u015fti \u015fi anume:<\/span><\/p><p style=\"margin-bottom: 15px; border: 0px; font-variant-numeric: inherit; font-variant-east-asian: inherit; font-stretch: inherit; font-size: 14px; line-height: inherit; font-family: 'Open Sans', Arial, Tahoma, sans-serif; vertical-align: baseline; color: #787e87; text-align: justify;\">\u00a0<\/p><p style=\"margin-bottom: 15px; border: 0px; font-variant-numeric: inherit; font-variant-east-asian: inherit; font-stretch: inherit; font-size: 14px; line-height: inherit; font-family: 'Open Sans', Arial, Tahoma, sans-serif; vertical-align: baseline; color: #787e87; text-align: justify;\">Complexul Studen\u0163esc \u201eAL. I. CUZA\u201d, av\u00e2nd suprafa\u0163a desf\u0103\u015furat\u0103 de 4060 metri p\u0103tra\u0163i, Complexul Studen\u0163esc \u201e22 Decembrie\u201d \u015fi Campusul \u201e\u015etiin\u0163ei\u201d , situate \u00een partea de est a ora\u015fului Gala\u0163i.<\/p><ul style=\"margin-bottom: 15px; margin-left: 10px; border: 0px; font-variant-numeric: inherit; font-variant-east-asian: inherit; font-stretch: inherit; font-size: 14px; line-height: inherit; font-family: 'Open Sans', Arial, Tahoma, sans-serif; vertical-align: baseline; list-style: none; color: #787e87; text-align: justify;\"><li style=\"margin-bottom: 5px; padding-left: 27px; border: 0px; font: inherit; vertical-align: baseline; list-style: outside disc; background: url('..\/images\/icons\/list_arrow.png') 0px 1px no-repeat; overflow: hidden;\">Num\u0103rul total de camere este 923, capacitatea total\u0103 de cazare fiind de aproximativ 3000 de locuri.<\/li><li style=\"margin-bottom: 5px; padding-left: 27px; border: 0px; font: inherit; vertical-align: baseline; list-style: outside disc; background: url('..\/images\/icons\/list_arrow.png') 0px 1px no-repeat; overflow: hidden;\">Accesul studen\u0163ilor c\u0103tre mijloacele de transport \u00een comun se face u\u015for datorit\u0103 amplas\u0103rii Complexelor.<\/li><li style=\"margin-bottom: 5px; padding-left: 27px; border: 0px; font: inherit; vertical-align: baseline; list-style: outside disc; background: url('..\/images\/icons\/list_arrow.png') 0px 1px no-repeat; overflow: hidden;\">Serviciile de internet \u015fi cablu TV sunt gratuite.<\/li><li style=\"margin-bottom: 5px; padding-left: 27px; border: 0px; font: inherit; vertical-align: baseline; list-style: outside disc; background: url('..\/images\/icons\/list_arrow.png') 0px 1px no-repeat; overflow: hidden;\">\u00cen c\u0103mine exist\u0103 s\u0103li de lectur\u0103 \u015fi spa\u0163ii dotate cu ma\u015fini de sp\u0103lat \u015fi usc\u0103toare pentru rufe.<\/li><\/ul>\t\t\t\t\t\t\t\t<\/div>\n\t\t\t\t<\/div>\n\t\t\t\t\t<\/div>\n\t\t<\/div>\n\t\t\t\t\t<\/div>\n\t\t<\/section>\n\t\t\t\t<section class=\"elementor-section elementor-top-section elementor-element elementor-element-ef0d1e4 elementor-section-boxed elementor-section-height-default elementor-section-height-default\" data-id=\"ef0d1e4\" data-element_type=\"section\">\n\t\t\t\t\t\t<div class=\"elementor-container elementor-column-gap-default\">\n\t\t\t\t\t<div class=\"elementor-column elementor-col-100 elementor-top-column elementor-element elementor-element-34c290a\" data-id=\"34c290a\" data-element_type=\"column\">\n\t\t\t<div class=\"elementor-widget-wrap elementor-element-populated\">\n\t\t\t\t\t\t<div class=\"elementor-element elementor-element-c9990c2 elementor-widget elementor-widget-heading\" data-id=\"c9990c2\" data-element_type=\"widget\" data-widget_type=\"heading.default\">\n\t\t\t\t<div class=\"elementor-widget-container\">\n\t\t\t\t\t<h2 class=\"elementor-heading-title elementor-size-default\">Campusul \u201eAlexandru Ioan Cuza\u201d<\/h2>\t\t\t\t<\/div>\n\t\t\t\t<\/div>\n\t\t\t\t\t<\/div>\n\t\t<\/div>\n\t\t\t\t\t<\/div>\n\t\t<\/section>\n\t\t\t\t<section class=\"elementor-section elementor-top-section elementor-element elementor-element-3d8ea9f elementor-section-boxed elementor-section-height-default elementor-section-height-default\" data-id=\"3d8ea9f\" data-element_type=\"section\">\n\t\t\t\t\t\t<div class=\"elementor-container elementor-column-gap-default\">\n\t\t\t\t\t<div class=\"elementor-column elementor-col-100 elementor-top-column elementor-element elementor-element-6300254\" data-id=\"6300254\" data-element_type=\"column\">\n\t\t\t<div class=\"elementor-widget-wrap elementor-element-populated\">\n\t\t\t\t\t\t<div class=\"elementor-element elementor-element-47418e3 elementor-widget elementor-widget-text-editor\" data-id=\"47418e3\" data-element_type=\"widget\" data-widget_type=\"text-editor.default\">\n\t\t\t\t<div class=\"elementor-widget-container\">\n\t\t\t\t\t\t\t\t\t<h4 style=\"margin-bottom: 15px; border: 0px; font-variant-numeric: inherit; font-variant-east-asian: inherit; font-weight: 300; font-stretch: inherit; font-size: 20px; line-height: 24px; text-align: center;\">Loca\u021bia C\u0103minelor A, B, C, D, E, F, G, H \u2013 Strada Domneasc\u0103 nr. 155<\/h4><div>Coordonate GPS: <a href=\"https:\/\/goo.gl\/maps\/RemQzgPptfXs8Qsx9\" target=\"_blank\" rel=\"noopener\">45.453107, 28.049945<\/a><\/div>\t\t\t\t\t\t\t\t<\/div>\n\t\t\t\t<\/div>\n\t\t\t\t\t<\/div>\n\t\t<\/div>\n\t\t\t\t\t<\/div>\n\t\t<\/section>\n\t\t\t\t<section class=\"elementor-section elementor-top-section elementor-element elementor-element-a69cfac elementor-section-boxed elementor-section-height-default elementor-section-height-default\" data-id=\"a69cfac\" data-element_type=\"section\">\n\t\t\t\t\t\t<div class=\"elementor-container elementor-column-gap-default\">\n\t\t\t\t\t<div class=\"elementor-column elementor-col-100 elementor-top-column elementor-element elementor-element-15b9358\" data-id=\"15b9358\" data-element_type=\"column\">\n\t\t\t<div class=\"elementor-widget-wrap elementor-element-populated\">\n\t\t\t\t\t\t<div class=\"elementor-element elementor-element-8cf2387 elementor-widget elementor-widget-google_maps\" data-id=\"8cf2387\" data-element_type=\"widget\" data-widget_type=\"google_maps.default\">\n\t\t\t\t<div class=\"elementor-widget-container\">\n\t\t\t\t\t\t\t<div class=\"elementor-custom-embed\">\n\t\t\t<iframe loading=\"lazy\"\n\t\t\t\t\tsrc=\"https:\/\/maps.google.com\/maps?q=Coplexul%20Studen%C8%9Besc%2C%20Domneasca%20Street%20150&#038;t=m&#038;z=16&#038;output=embed&#038;iwloc=near\"\n\t\t\t\t\ttitle=\"Coplexul Studen\u021besc, Domneasca Street 150\"\n\t\t\t\t\taria-label=\"Coplexul Studen\u021besc, Domneasca Street 150\"\n\t\t\t><\/iframe>\n\t\t<\/div>\n\t\t\t\t\t\t<\/div>\n\t\t\t\t<\/div>\n\t\t\t\t\t<\/div>\n\t\t<\/div>\n\t\t\t\t\t<\/div>\n\t\t<\/section>\n\t\t\t\t<section class=\"elementor-section elementor-top-section elementor-element elementor-element-30911e1 elementor-section-boxed elementor-section-height-default elementor-section-height-default\" data-id=\"30911e1\" data-element_type=\"section\">\n\t\t\t\t\t\t<div class=\"elementor-container elementor-column-gap-default\">\n\t\t\t\t\t<div class=\"elementor-column elementor-col-100 elementor-top-column elementor-element elementor-element-e81aac5\" data-id=\"e81aac5\" data-element_type=\"column\">\n\t\t\t<div class=\"elementor-widget-wrap elementor-element-populated\">\n\t\t\t\t\t\t<div class=\"elementor-element elementor-element-fb08d84 elementor-widget elementor-widget-heading\" data-id=\"fb08d84\" data-element_type=\"widget\" data-widget_type=\"heading.default\">\n\t\t\t\t<div class=\"elementor-widget-container\">\n\t\t\t\t\t<h2 class=\"elementor-heading-title elementor-size-default\">C\u0103minul LSG<\/h2>\t\t\t\t<\/div>\n\t\t\t\t<\/div>\n\t\t\t\t\t<\/div>\n\t\t<\/div>\n\t\t\t\t\t<\/div>\n\t\t<\/section>\n\t\t\t\t<section class=\"elementor-section elementor-top-section elementor-element elementor-element-4f6e3a0 elementor-section-boxed elementor-section-height-default elementor-section-height-default\" data-id=\"4f6e3a0\" data-element_type=\"section\">\n\t\t\t\t\t\t<div class=\"elementor-container elementor-column-gap-default\">\n\t\t\t\t\t<div class=\"elementor-column elementor-col-100 elementor-top-column elementor-element elementor-element-4cc8741\" data-id=\"4cc8741\" data-element_type=\"column\">\n\t\t\t<div class=\"elementor-widget-wrap elementor-element-populated\">\n\t\t\t\t\t\t<div class=\"elementor-element elementor-element-ded2fce elementor-widget elementor-widget-text-editor\" data-id=\"ded2fce\" data-element_type=\"widget\" data-widget_type=\"text-editor.default\">\n\t\t\t\t<div class=\"elementor-widget-container\">\n\t\t\t\t\t\t\t\t\t<h4 style=\"margin-bottom: 15px; border: 0px; font-variant-numeric: inherit; font-variant-east-asian: inherit; font-weight: 300; font-stretch: inherit; font-size: 20px; line-height: 24px; text-align: center;\">Loca\u021bia C\u0103minului LSG se afl\u0103 pe Strada Basarabiei nr 10,&nbsp;l\u00e2ng\u0103 Facultatea de Nave\/ Automatic\u0103, Calculatoare, Inginerie Electric\u0103 \u0219i Electronic\u0103<\/h4>\n<p>Coordonate GPS: <a href=\"https:\/\/goo.gl\/maps\/kCmekMj7hVUa9RCc7\" target=\"_blank\" rel=\"noopener\">45.445702, 28.053267<\/a><\/p>\t\t\t\t\t\t\t\t<\/div>\n\t\t\t\t<\/div>\n\t\t\t\t\t<\/div>\n\t\t<\/div>\n\t\t\t\t\t<\/div>\n\t\t<\/section>\n\t\t\t\t<section class=\"elementor-section elementor-top-section elementor-element elementor-element-f49f278 elementor-section-boxed elementor-section-height-default elementor-section-height-default\" data-id=\"f49f278\" data-element_type=\"section\">\n\t\t\t\t\t\t<div class=\"elementor-container elementor-column-gap-default\">\n\t\t\t\t\t<div class=\"elementor-column elementor-col-100 elementor-top-column elementor-element elementor-element-b2ec0d5\" data-id=\"b2ec0d5\" data-element_type=\"column\">\n\t\t\t<div class=\"elementor-widget-wrap elementor-element-populated\">\n\t\t\t\t\t\t<div class=\"elementor-element elementor-element-47d6f0c elementor-widget elementor-widget-google_maps\" data-id=\"47d6f0c\" data-element_type=\"widget\" data-widget_type=\"google_maps.default\">\n\t\t\t\t<div class=\"elementor-widget-container\">\n\t\t\t\t\t\t\t<div class=\"elementor-custom-embed\">\n\t\t\t<iframe loading=\"lazy\"\n\t\t\t\t\tsrc=\"https:\/\/maps.google.com\/maps?q=Strada%20Basarabiei%2C%20Camin%20LSG&#038;t=m&#038;z=15&#038;output=embed&#038;iwloc=near\"\n\t\t\t\t\ttitle=\"Strada Basarabiei, Camin LSG\"\n\t\t\t\t\taria-label=\"Strada Basarabiei, Camin LSG\"\n\t\t\t><\/iframe>\n\t\t<\/div>\n\t\t\t\t\t\t<\/div>\n\t\t\t\t<\/div>\n\t\t\t\t\t<\/div>\n\t\t<\/div>\n\t\t\t\t\t<\/div>\n\t\t<\/section>\n\t\t\t\t<section class=\"elementor-section elementor-top-section elementor-element elementor-element-f8d5c78 elementor-section-boxed elementor-section-height-default elementor-section-height-default\" data-id=\"f8d5c78\" data-element_type=\"section\">\n\t\t\t\t\t\t<div class=\"elementor-container elementor-column-gap-default\">\n\t\t\t\t\t<div class=\"elementor-column elementor-col-100 elementor-top-column elementor-element elementor-element-45c10f2\" data-id=\"45c10f2\" data-element_type=\"column\">\n\t\t\t<div class=\"elementor-widget-wrap elementor-element-populated\">\n\t\t\t\t\t\t<div class=\"elementor-element elementor-element-31abd31 elementor-widget elementor-widget-heading\" data-id=\"31abd31\" data-element_type=\"widget\" data-widget_type=\"heading.default\">\n\t\t\t\t<div class=\"elementor-widget-container\">\n\t\t\t\t\t<h2 class=\"elementor-heading-title elementor-size-default\">Complex studen\u021besc \u201e22 Decembrie\u201d<\/h2>\t\t\t\t<\/div>\n\t\t\t\t<\/div>\n\t\t\t\t\t<\/div>\n\t\t<\/div>\n\t\t\t\t\t<\/div>\n\t\t<\/section>\n\t\t\t\t<section class=\"elementor-section elementor-top-section elementor-element elementor-element-04f60ae elementor-section-boxed elementor-section-height-default elementor-section-height-default\" data-id=\"04f60ae\" data-element_type=\"section\">\n\t\t\t\t\t\t<div class=\"elementor-container elementor-column-gap-default\">\n\t\t\t\t\t<div class=\"elementor-column elementor-col-100 elementor-top-column elementor-element elementor-element-23147e2\" data-id=\"23147e2\" data-element_type=\"column\">\n\t\t\t<div class=\"elementor-widget-wrap elementor-element-populated\">\n\t\t\t\t\t\t<div class=\"elementor-element elementor-element-186d747 elementor-widget elementor-widget-text-editor\" data-id=\"186d747\" data-element_type=\"widget\" data-widget_type=\"text-editor.default\">\n\t\t\t\t<div class=\"elementor-widget-container\">\n\t\t\t\t\t\t\t\t\t<h4 style=\"margin-bottom: 15px; font-weight: 300; font-size: 20px; line-height: 24px; border: 0px; font-variant-numeric: inherit; font-variant-east-asian: inherit; font-stretch: inherit; text-align: center;\">Loca\u021bia C\u0103minelor IA \u0219i IB \u2013 Strada G\u0103rii nr. 59-61<\/h4><p>Coordonate GPS: <a href=\"https:\/\/goo.gl\/maps\/Udu5Mt3CQgqzGPd38\" target=\"_blank\" rel=\"noopener\">45.443583, 28.050971<\/a><\/p>\t\t\t\t\t\t\t\t<\/div>\n\t\t\t\t<\/div>\n\t\t\t\t\t<\/div>\n\t\t<\/div>\n\t\t\t\t\t<\/div>\n\t\t<\/section>\n\t\t\t\t<section class=\"elementor-section elementor-top-section elementor-element elementor-element-495c6ab elementor-section-boxed elementor-section-height-default elementor-section-height-default\" data-id=\"495c6ab\" data-element_type=\"section\">\n\t\t\t\t\t\t<div class=\"elementor-container elementor-column-gap-default\">\n\t\t\t\t\t<div class=\"elementor-column elementor-col-100 elementor-top-column elementor-element elementor-element-3966051\" data-id=\"3966051\" data-element_type=\"column\">\n\t\t\t<div class=\"elementor-widget-wrap elementor-element-populated\">\n\t\t\t\t\t\t<div class=\"elementor-element elementor-element-1e32821 elementor-widget elementor-widget-google_maps\" data-id=\"1e32821\" data-element_type=\"widget\" data-widget_type=\"google_maps.default\">\n\t\t\t\t<div class=\"elementor-widget-container\">\n\t\t\t\t\t\t\t<div class=\"elementor-custom-embed\">\n\t\t\t<iframe loading=\"lazy\"\n\t\t\t\t\tsrc=\"https:\/\/maps.google.com\/maps?q=Strada%20G%C4%83rii%2066&#038;t=m&#038;z=17&#038;output=embed&#038;iwloc=near\"\n\t\t\t\t\ttitle=\"Strada G\u0103rii 66\"\n\t\t\t\t\taria-label=\"Strada G\u0103rii 66\"\n\t\t\t><\/iframe>\n\t\t<\/div>\n\t\t\t\t\t\t<\/div>\n\t\t\t\t<\/div>\n\t\t\t\t\t<\/div>\n\t\t<\/div>\n\t\t\t\t\t<\/div>\n\t\t<\/section>\n\t\t\t\t<section class=\"elementor-section elementor-top-section elementor-element elementor-element-0b7116f elementor-section-boxed elementor-section-height-default elementor-section-height-default\" data-id=\"0b7116f\" data-element_type=\"section\">\n\t\t\t\t\t\t<div class=\"elementor-container elementor-column-gap-default\">\n\t\t\t\t\t<div class=\"elementor-column elementor-col-25 elementor-top-column elementor-element elementor-element-9e1db08\" data-id=\"9e1db08\" data-element_type=\"column\">\n\t\t\t<div class=\"elementor-widget-wrap elementor-element-populated\">\n\t\t\t\t\t\t<div class=\"elementor-element elementor-element-b3d11e4 elementor-align-center elementor-widget elementor-widget-button\" data-id=\"b3d11e4\" data-element_type=\"widget\" data-widget_type=\"button.default\">\n\t\t\t\t<div class=\"elementor-widget-container\">\n\t\t\t\t\t\t\t\t\t<div class=\"elementor-button-wrapper\">\n\t\t\t\t\t<a class=\"elementor-button elementor-button-link elementor-size-sm\" href=\"https:\/\/campus.ugal.ro\/camine\/\">\n\t\t\t\t\t\t<span class=\"elementor-button-content-wrapper\">\n\t\t\t\t\t\t\t\t\t<span class=\"elementor-button-text\">C\u0103mine<\/span>\n\t\t\t\t\t<\/span>\n\t\t\t\t\t<\/a>\n\t\t\t\t<\/div>\n\t\t\t\t\t\t\t\t<\/div>\n\t\t\t\t<\/div>\n\t\t\t\t\t<\/div>\n\t\t<\/div>\n\t\t\t\t<div class=\"elementor-column elementor-col-25 elementor-top-column elementor-element elementor-element-ec33b7a\" data-id=\"ec33b7a\" data-element_type=\"column\">\n\t\t\t<div class=\"elementor-widget-wrap elementor-element-populated\">\n\t\t\t\t\t\t<div class=\"elementor-element elementor-element-fd32cea elementor-align-center elementor-widget elementor-widget-button\" data-id=\"fd32cea\" data-element_type=\"widget\" data-widget_type=\"button.default\">\n\t\t\t\t<div class=\"elementor-widget-container\">\n\t\t\t\t\t\t\t\t\t<div class=\"elementor-button-wrapper\">\n\t\t\t\t\t<a class=\"elementor-button elementor-button-link elementor-size-sm\" href=\"https:\/\/campus.ugal.ro\/locatie\/prezentare\/\">\n\t\t\t\t\t\t<span class=\"elementor-button-content-wrapper\">\n\t\t\t\t\t\t\t\t\t<span class=\"elementor-button-text\">Prezentare foto<\/span>\n\t\t\t\t\t<\/span>\n\t\t\t\t\t<\/a>\n\t\t\t\t<\/div>\n\t\t\t\t\t\t\t\t<\/div>\n\t\t\t\t<\/div>\n\t\t\t\t\t<\/div>\n\t\t<\/div>\n\t\t\t\t<div class=\"elementor-column elementor-col-25 elementor-top-column elementor-element elementor-element-9edf16a\" data-id=\"9edf16a\" data-element_type=\"column\">\n\t\t\t<div class=\"elementor-widget-wrap elementor-element-populated\">\n\t\t\t\t\t\t<div class=\"elementor-element elementor-element-ec5b714 elementor-align-center elementor-widget elementor-widget-button\" data-id=\"ec5b714\" data-element_type=\"widget\" data-widget_type=\"button.default\">\n\t\t\t\t<div class=\"elementor-widget-container\">\n\t\t\t\t\t\t\t\t\t<div class=\"elementor-button-wrapper\">\n\t\t\t\t\t<a class=\"elementor-button elementor-button-link elementor-size-sm\" href=\"https:\/\/campus.ugal.ro\/cazare\/\">\n\t\t\t\t\t\t<span class=\"elementor-button-content-wrapper\">\n\t\t\t\t\t\t\t\t\t<span class=\"elementor-button-text\">Documente<\/span>\n\t\t\t\t\t<\/span>\n\t\t\t\t\t<\/a>\n\t\t\t\t<\/div>\n\t\t\t\t\t\t\t\t<\/div>\n\t\t\t\t<\/div>\n\t\t\t\t\t<\/div>\n\t\t<\/div>\n\t\t\t\t<div class=\"elementor-column elementor-col-25 elementor-top-column elementor-element elementor-element-d75a180\" data-id=\"d75a180\" data-element_type=\"column\">\n\t\t\t<div class=\"elementor-widget-wrap elementor-element-populated\">\n\t\t\t\t\t\t<div class=\"elementor-element elementor-element-4fbbef4 elementor-align-center elementor-widget elementor-widget-button\" data-id=\"4fbbef4\" data-element_type=\"widget\" data-widget_type=\"button.default\">\n\t\t\t\t<div class=\"elementor-widget-container\">\n\t\t\t\t\t\t\t\t\t<div class=\"elementor-button-wrapper\">\n\t\t\t\t\t<a class=\"elementor-button elementor-button-link elementor-size-sm\" href=\"https:\/\/campus.ugal.ro\/tarife\/\">\n\t\t\t\t\t\t<span class=\"elementor-button-content-wrapper\">\n\t\t\t\t\t\t\t\t\t<span class=\"elementor-button-text\">Tarife<\/span>\n\t\t\t\t\t<\/span>\n\t\t\t\t\t<\/a>\n\t\t\t\t<\/div>\n\t\t\t\t\t\t\t\t<\/div>\n\t\t\t\t<\/div>\n\t\t\t\t\t<\/div>\n\t\t<\/div>\n\t\t\t\t\t<\/div>\n\t\t<\/section>\n\t\t\t\t<\/div>\n\t\t","protected":false},"excerpt":{"rendered":"<p>UNIVERSITATEA \u201e DUN\u0102REA DE JOS \u201d DIN GALA\u0162I\u00a0dispune de trei complexe studen\u0163e\u015fti \u015fi anume: \u00a0 Complexul Studen\u0163esc \u201eAL. I. CUZA\u201d, av\u00e2nd suprafa\u0163a desf\u0103\u015furat\u0103 de 4060 metri p\u0103tra\u0163i, Complexul Studen\u0163esc \u201e22 Decembrie\u201d \u015fi Campusul \u201e\u015etiin\u0163ei\u201d , situate \u00een partea de est a ora\u015fului Gala\u0163i. Num\u0103rul total de camere este 923, capacitatea total\u0103 de cazare fiind de&hellip; <br \/> <a class=\"read-more\" href=\"https:\/\/campus.ugal.ro\/ccps\/locatii-camine\/\">Cite\u0219te mai mult<\/a><\/p>\n","protected":false},"author":8,"featured_media":0,"parent":0,"menu_order":0,"comment_status":"closed","ping_status":"closed","template":"","meta":{"footnotes":""},"_links":{"self":[{"href":"https:\/\/campus.ugal.ro\/ccps\/wp-json\/wp\/v2\/pages\/7"}],"collection":[{"href":"https:\/\/campus.ugal.ro\/ccps\/wp-json\/wp\/v2\/pages"}],"about":[{"href":"https:\/\/campus.ugal.ro\/ccps\/wp-json\/wp\/v2\/types\/page"}],"author":[{"embeddable":true,"href":"https:\/\/campus.ugal.ro\/ccps\/wp-json\/wp\/v2\/users\/8"}],"replies":[{"embeddable":true,"href":"https:\/\/campus.ugal.ro\/ccps\/wp-json\/wp\/v2\/comments?post=7"}],"version-history":[{"count":115,"href":"https:\/\/campus.ugal.ro\/ccps\/wp-json\/wp\/v2\/pages\/7\/revisions"}],"predecessor-version":[{"id":8270,"href":"https:\/\/campus.ugal.ro\/ccps\/wp-json\/wp\/v2\/pages\/7\/revisions\/8270"}],"wp:attachment":[{"href":"https:\/\/campus.ugal.ro\/ccps\/wp-json\/wp\/v2\/media?parent=7"}],"curies":[{"name":"wp","href":"https:\/\/api.w.org\/{rel}","templated":true}]}}