{"id":8100,"date":"2017-11-10T14:08:51","date_gmt":"2017-11-10T11:08:51","guid":{"rendered":"http:\/\/tag_link_site_url\/mesmerize\/"},"modified":"2024-01-28T17:12:27","modified_gmt":"2024-01-28T14:12:27","slug":"acasa","status":"publish","type":"page","link":"https:\/\/campus.ugal.ro\/ccps\/","title":{"rendered":"ACAS\u0102"},"content":{"rendered":"<div  id=\"overlappable-4\" style=\"background-color: #ffffff; background-image: none;\" data-label=\"Overlappable\" data-id=\"overlappable-4\" data-export-id=\"overlappable-4\" data-category=\"overlappable\" class=\"overlappable-4 content-section content-section-spacing\" data-overlap=\"true\">\n<div  class=\"gridContainer\">\n<div  data-type=\"row\" class=\"row spaced-cols text-center\">\n<div  class=\"col-xs-12 col-sm-4 col-padding\">\n\n<a data-cp-link=\"1\" href=\"#\" target=\"_self\" rel=\"noopener\"><i  class=\"fa icon shadow-large-black aligncenter color1 fa-building reverse round large\"> <\/i><\/a>\n<div  data-type=\"column\" class=\"\"><h3  class=\"\">C\u0102MINE<\/h3>\n\n\n\n<\/div>\n<\/div>\n<div  class=\"col-xs-12 col-sm-4 col-padding\">\n\n<a data-cp-link=\"1\" href=\"https:\/\/campus.ugal.ro\/ccps\/meniu-studenti\" target=\"_self\" rel=\"noopener\"><i  class=\"fa icon shadow-large-black aligncenter color1 fa-coffee reverse round large\"> <\/i><\/a>\n<div  data-type=\"column\" class=\"\">\n\n\n\n<h3  class=\"\">CANTINE<\/h3><\/div>\n<\/div>\n<div  class=\"col-xs-12 col-sm-4 col-padding\">\n\n<i  class=\"fa icon shadow-large-black aligncenter color1 fa-list reverse round large\"> <\/i>\n<div  data-type=\"column\" class=\"\">\n\n\n\n<h3  class=\"\">FACILIT\u0102\u021aI<\/h3><\/div>\n<\/div>\n<\/div>\n<\/div>\n<\/div><div  id=\"features-3\" style=\"background-color: #ffffff;\" data-label=\"Features\" data-id=\"features-12-card-bordered\" data-export-id=\"features-12-card-bordered\" data-category=\"features\" class=\"features-12-card-bordered content-section content-section-spacing \">\n<div  class=\"gridContainer\">\n<div  class=\"row text-center\">\n<div  class=\"section-title-col\" data-type=\"column\">\n<h2  class=\"\">Despre Direc\u021bia c\u0103mine \u0219i cantine<\/h2>\n<p  class=\"lead\">R\u0103spunz\u00e2nd activ la solicit\u0103rile \u015fi cerin\u0163ele normelor de convie\u0163uire specifice vie\u0163ii studen\u0163e\u015fti, Universitatea \u201eDun\u0103rea de Jos\u201d din Gala\u0163i aloca o aten\u0163ie deosebit\u0103 caz\u0103rii studen\u0163ilor rom\u00e2ni, studen\u0163ilor str\u0103ini care vin la studii \u00een baza unor acorduri de cooperare sau prin programele interna\u0163ionale (CEEPUS, ERASMUS, SOCRATES), cadrelor didactice din str\u0103in\u0103tate \u015fi invita\u0163i ai Universit\u0103\u0163ii noastre cu ocazia unor conferin\u0163e, simpozioane, \u015fcoli de var\u0103, comisii de doctorat, pun\u00e2nd la dispozi\u0163ie spa\u0163ii de cazare moderne conform standardelor europene.<\/p>\n\n<\/div>\n<\/div>\n<div  class=\"row spaced-cols\" data-type=\"row\">\n<div  class=\"col-sm-6\">\n<div  class=\"card row-card bordered y-move\">\n<div  class=\"row\">\n<div  class=\"col-sm-fit icon-column\"><a data-cp-link=\"1\" href=\"#\" target=\"_self\" rel=\"noopener\"><i  class=\"fa icon color2 fa-bed large\"> <\/i><\/a><\/div>\n<div  class=\"col-sm\" data-type=\"column\">\n<h5  class=\"color2\">SPA\u021aII DE CAZARE<\/h5>\n<p  class=\"\">Spa\u0163iile de cazare, servirea mesei \u015fi petrecerea timpului liber, aflate \u00een patrimoniul Universit\u0103\u0163ii \u201eDun\u0103rea de Jos\u201d din Gala\u0163i sunt formate din 11 c\u0103mine, o cantin\u0103 restaurant, o minicantin\u0103, capel\u0103 studen\u0163easc\u0103, dou\u0103 s\u0103li de sport, o sp\u0103l\u0103torie \u0219i un cabinet medical studen\u0163esc, fiind repartizate \u00een trei campusuri universitare: \u201eAl.I. Cuza\u201d, \u201e22 Decembrie\u201d \u0219i campusul \u201e\u0218tiin\u021bei\u201d. Capacitatea de cazare \u00een c\u0103minele studen\u0163e\u015fti dep\u0103\u015fe\u015fte 3000 de locuri.<\/p>\n\n<\/div>\n<\/div>\n<\/div>\n<\/div>\n<div  class=\"col-sm-6\">\n<div  class=\"card row-card bordered y-move\">\n<div  class=\"row\">\n<div  class=\"col-sm-fit icon-column\"><i  class=\"fa icon color2 fa-building-o large\"> <\/i><\/div>\n<div  class=\"col-sm\" data-type=\"column\">\n<h5  class=\"color2\">Campusul \u201eAl. I. Cuza\u201d<\/h5>\n<p  class=\"\">Situat \u00een partea de est a ora\u015fului Gala\u0163i, Campusul \u201cAl. I. Cuza\u201d este unul din cele mai cochete campusuri universitare din Rom\u00e2nia, acest aspect fiind dat de \u00eembinarea dintre arhitectura cladirilor \u015fi micul parc situat \u00eentre c\u0103minele studen\u0163e\u015fti. Camerele sunt prev\u0103zute cu 2 ,3, 4 paturi \u0219i beneficiaz\u0103 de s\u0103li de lectur\u0103, s\u0103li fitness \u015fi aerobic , s\u0103li de for\u021b\u0103 , spa\u0163ii de menaj dotate cu ma\u015fini de sp\u0103lat \u015fi ma\u015fini de uscat, internet.<\/p>\n\n<\/div>\n<\/div>\n<\/div>\n<\/div>\n<div  class=\"col-sm-6\">\n<div  class=\"card row-card bordered y-move\">\n<div  class=\"row\">\n<div  class=\"col-sm-fit icon-column\"><a data-cp-link=\"1\" href=\"#\" target=\"_self\" rel=\"noopener\"><i  class=\"fa icon color2 fa-heartbeat large\"> <\/i><\/a><\/div>\n<div  class=\"col-sm\" data-type=\"column\">\n<h5  class=\"color2\">DISPENSAR STUDEN\u021aESC<\/h5>\n<p  class=\"\">Spa\u0163iile de cazare, servirea mesei \u015fi petrecerea timpului liber, aflate \u00een patrimoniul Universit\u0103\u0163ii \u201eDun\u0103rea de Jos\u201d din Gala\u0163i sunt formate din 11 c\u0103mine, o cantin\u0103 restaurant, o minicantin\u0103, capel\u0103 studen\u0163easc\u0103, dou\u0103 s\u0103li de sport, o sp\u0103l\u0103torie \u0219i un cabinet medical studen\u0163esc, fiind repartizate \u00een trei campusuri universitare: \u201eAl.I. Cuza\u201d, \u201e22 Decembrie\u201d \u0219i campusul \u201e\u0218tiin\u021bei\u201d. Capacitatea de cazare \u00een c\u0103minele studen\u0163e\u015fti dep\u0103\u015fe\u015fte 3000 de locuri.<\/p>\n\n<\/div>\n<\/div>\n<\/div>\n<\/div>\n<div  class=\"col-sm-6\">\n<div  class=\"card row-card bordered y-move\">\n<div  class=\"row\">\n<div  class=\"col-sm-fit icon-column\"><i  class=\"fa icon color2 fa-database large\"> <\/i><\/div>\n<div  class=\"col-sm\" data-type=\"column\">\n<h5  class=\"color2\">SAL\u0102 DE SPORT<\/h5>\n<p  class=\"\">Spa\u0163iile de cazare, servirea mesei \u015fi petrecerea timpului liber, aflate \u00een patrimoniul Universit\u0103\u0163ii \u201eDun\u0103rea de Jos\u201d din Gala\u0163i sunt formate din 11 c\u0103mine, o cantin\u0103 restaurant, o minicantin\u0103, capel\u0103 studen\u0163easc\u0103, dou\u0103 s\u0103li de sport, o sp\u0103l\u0103torie \u0219i un cabinet medical studen\u0163esc, fiind repartizate \u00een trei campusuri universitare: \u201eAl.I. Cuza\u201d, \u201e22 Decembrie\u201d \u0219i campusul \u201e\u0218tiin\u021bei\u201d. Capacitatea de cazare \u00een c\u0103minele studen\u0163e\u015fti dep\u0103\u015fe\u015fte 3000 de locuri.<\/p>\n\n<\/div>\n<\/div>\n<\/div>\n<\/div>\n<\/div>\n<\/div>\n<\/div><div  id=\"latest-news-1\" style=\"background-color: #f5fafd;\" data-label=\"Latest-news\" data-id=\"blog-section\" data-export-id=\"blog-section\" data-category=\"latest_news\" class=\"blog-section content-section content-section-spacing\">\n<div  class=\"gridContainer\">\n<div  class=\"row\">\n<div  data-type=\"column\" class=\"section-title-col\">\n<h2  class=\"\">NOUT\u0102\u021aI<\/h2>\n\n\n<\/div>\n<\/div>\n<div  class=\"row\">\n<div  data-type=\"row\" data-dynamic-columns=\"handled\" data-content-shortcode=\"mesmerize_latest_news\">\t\t<div class=\"row center-sm content-left-sm\">\n\t\t\t\t\t<div id=\"post-9734\" class=\"col-sm-6 col-md-4 space-bottom space-bottom-xs\">\n\t\t\t\t<div class=\"post-content card y-move bordered\">\n\t\t\t\t\t\t\t\t\t\t<div class=\"col-padding col-padding-xs\">\n\t\t\t\t\t\t<h3 class=\"post-title space-bottom-small\">\n\t\t\t\t\t\t\t<a href=\"https:\/\/campus.ugal.ro\/ccps\/oficial-un-nou-camin-studentesc\/\" rel=\"bookmark\">\n\t\t\t\t\t\t\t\tOficial, un nou C\u0103min Studen\u021besc! Un nou design, mai mult confort!\t\t\t\t\t\t\t<\/a>\n\t\t\t\t\t\t<\/h3>\n\t\t\t\t\t\t<p>Un nou design, mai mult confort!Stima\u021bi studen\u021bi\/ Stima\u021bi colegi,Direc\u021bia c\u0103mine \u0219i cantine din cadrul Universit\u0103\u021bii \u201eDun\u0103rea de Jos\u201d din Gala\u021bi, v\u0103 invit\u0103 s\u0103 participa\u021bi, \u00eentr-o atmosfer\u0103 plin\u0103 de energie \u0219i[&hellip;]<\/p>\n\t\t\t\t\t\t<a class=\"read-more link\" href=\"https:\/\/campus.ugal.ro\/ccps\/oficial-un-nou-camin-studentesc\/\">\n\t\t\t\t\t\t\tRead more\t\t\t\t\t\t<\/a>\n\t\t\t\t\t<\/div>\n\t\t\t\t<\/div>\n\t\t\t<\/div>\n\t\t\t\t\t\t<div id=\"post-4946\" class=\"col-sm-6 col-md-4 space-bottom space-bottom-xs\">\n\t\t\t\t<div class=\"post-content card y-move bordered\">\n\t\t\t\t\t\t\t\t\t\t<div class=\"col-padding col-padding-xs\">\n\t\t\t\t\t\t<h3 class=\"post-title space-bottom-small\">\n\t\t\t\t\t\t\t<a href=\"https:\/\/campus.ugal.ro\/ccps\/cazarea-in-camere-de-tip-izolator-an-universitar-2022-2023\/\" rel=\"bookmark\">\n\t\t\t\t\t\t\t\tCazarea \u00een camere de tip izolator\t\t\t\t\t\t\t<\/a>\n\t\t\t\t\t\t<\/h3>\n\t\t\t\t\t\t<p>An universitar 2024 \u2013 2025 \u00a0 \u00a0 \u00a0 Cazarea \u00een camere de tip izolator se va face pe baza analizei dosarelor depuse la sediul Direc\u021biei c\u0103mine \u0219i cantine \u2013 C\u0103min[&hellip;]<\/p>\n\t\t\t\t\t\t<a class=\"read-more link\" href=\"https:\/\/campus.ugal.ro\/ccps\/cazarea-in-camere-de-tip-izolator-an-universitar-2022-2023\/\">\n\t\t\t\t\t\t\tRead more\t\t\t\t\t\t<\/a>\n\t\t\t\t\t<\/div>\n\t\t\t\t<\/div>\n\t\t\t<\/div>\n\t\t\t\t\t\t<div id=\"post-4726\" class=\"col-sm-6 col-md-4 space-bottom space-bottom-xs\">\n\t\t\t\t<div class=\"post-content card y-move bordered\">\n\t\t\t\t\t\t\t\t\t\t<div class=\"col-padding col-padding-xs\">\n\t\t\t\t\t\t<h3 class=\"post-title space-bottom-small\">\n\t\t\t\t\t\t\t<a href=\"https:\/\/campus.ugal.ro\/ccps\/cazarea-in-caminele-ia-ib-2022-2023\/\" rel=\"bookmark\">\n\t\t\t\t\t\t\t\tCAZAREA \u00ceN C\u0102MINELE IA\/IB\t\t\t\t\t\t\t<\/a>\n\t\t\t\t\t\t<\/h3>\n\t\t\t\t\t\t<p>PROCEDUR\u0102 DE CAZARE \u00ceN C\u0102MINELE IA\/IB 2024-2025 Documentele necesare caz\u0103rii se vor depune \u00een perioada 02.09.2024 \u2013 06.09.2024 la administra\u021bia c\u0103minului IA sau\u00a0\u00a0\u00een format electronic la adresa de e-mail: dcc@ugal.ro.[&hellip;]<\/p>\n\t\t\t\t\t\t<a class=\"read-more link\" href=\"https:\/\/campus.ugal.ro\/ccps\/cazarea-in-caminele-ia-ib-2022-2023\/\">\n\t\t\t\t\t\t\tRead more\t\t\t\t\t\t<\/a>\n\t\t\t\t\t<\/div>\n\t\t\t\t<\/div>\n\t\t\t<\/div>\n\t\t\t\t<\/div>\n\t<\/div>\n<\/div>\n<div  class=\"row\">\n<div  class=\"text-center\"><a class=\"button color1\" data-attr-shortcode=\"href:mesmerize_blog_link\" href=\"https:\/\/campus.ugal.ro\/ccps\/noutati\/\" target=\"_self\" rel=\"noopener\">CITESTE ALTE ARTICOLE<\/a><\/div>\n<\/div>\n<\/div>\n<\/div>","protected":false},"excerpt":{"rendered":"<p>C\u0102MINE CANTINE FACILIT\u0102\u021aI Despre Direc\u021bia c\u0103mine \u0219i cantine R\u0103spunz\u00e2nd activ la solicit\u0103rile \u015fi cerin\u0163ele normelor de convie\u0163uire specifice vie\u0163ii studen\u0163e\u015fti, Universitatea \u201eDun\u0103rea de Jos\u201d din Gala\u0163i aloca o aten\u0163ie deosebit\u0103 caz\u0103rii studen\u0163ilor rom\u00e2ni, studen\u0163ilor str\u0103ini care vin la studii \u00een baza unor acorduri de cooperare sau prin programele interna\u0163ionale (CEEPUS, ERASMUS, SOCRATES), cadrelor didactice din&hellip; <br \/> <a class=\"read-more\" href=\"https:\/\/campus.ugal.ro\/ccps\/cazarea-in-caminele-ia-ib-2022-2023\/\">Cite\u0219te mai mult<\/a><\/p>\n","protected":false},"author":12,"featured_media":0,"parent":0,"menu_order":0,"comment_status":"closed","ping_status":"closed","template":"page-templates\/homepage.php","meta":{"footnotes":""},"_links":{"self":[{"href":"https:\/\/campus.ugal.ro\/ccps\/wp-json\/wp\/v2\/pages\/8100"}],"collection":[{"href":"https:\/\/campus.ugal.ro\/ccps\/wp-json\/wp\/v2\/pages"}],"about":[{"href":"https:\/\/campus.ugal.ro\/ccps\/wp-json\/wp\/v2\/types\/page"}],"author":[{"embeddable":true,"href":"https:\/\/campus.ugal.ro\/ccps\/wp-json\/wp\/v2\/users\/12"}],"replies":[{"embeddable":true,"href":"https:\/\/campus.ugal.ro\/ccps\/wp-json\/wp\/v2\/comments?post=8100"}],"version-history":[{"count":15,"href":"https:\/\/campus.ugal.ro\/ccps\/wp-json\/wp\/v2\/pages\/8100\/revisions"}],"predecessor-version":[{"id":8589,"href":"https:\/\/campus.ugal.ro\/ccps\/wp-json\/wp\/v2\/pages\/8100\/revisions\/8589"}],"wp:attachment":[{"href":"https:\/\/campus.ugal.ro\/ccps\/wp-json\/wp\/v2\/media?parent=8100"}],"curies":[{"name":"wp","href":"https:\/\/api.w.org\/{rel}","templated":true}]}}