{"id":9426,"date":"2024-09-24T00:03:16","date_gmt":"2024-09-23T21:03:16","guid":{"rendered":"https:\/\/campus.ugal.ro\/ccps\/?page_id=9426"},"modified":"2025-09-23T17:39:11","modified_gmt":"2025-09-23T14:39:11","slug":"cazare-2","status":"publish","type":"page","link":"https:\/\/campus.ugal.ro\/ccps\/cazare-2\/","title":{"rendered":"Calendar Cazare"},"content":{"rendered":"\t\t<div data-elementor-type=\"wp-page\" data-elementor-id=\"9426\" class=\"elementor elementor-9426\">\n\t\t\t\t\t\t<section class=\"elementor-section elementor-top-section elementor-element elementor-element-df5debc elementor-section-boxed elementor-section-height-default elementor-section-height-default\" data-id=\"df5debc\" data-element_type=\"section\">\n\t\t\t\t\t\t<div class=\"elementor-container elementor-column-gap-default\">\n\t\t\t\t\t<div class=\"elementor-column elementor-col-100 elementor-top-column elementor-element elementor-element-63a8bd7\" data-id=\"63a8bd7\" data-element_type=\"column\">\n\t\t\t<div class=\"elementor-widget-wrap elementor-element-populated\">\n\t\t\t\t\t\t<div class=\"elementor-element elementor-element-ce411f8 elementor-widget elementor-widget-heading\" data-id=\"ce411f8\" data-element_type=\"widget\" data-widget_type=\"heading.default\">\n\t\t\t\t<div class=\"elementor-widget-container\">\n\t\t\t\t\t<h2 class=\"elementor-heading-title elementor-size-default\">CALENDARUL DE  CAZARE \n\n<\/h2>\t\t\t\t<\/div>\n\t\t\t\t<\/div>\n\t\t\t\t\t<\/div>\n\t\t<\/div>\n\t\t\t\t\t<\/div>\n\t\t<\/section>\n\t\t\t\t<section class=\"elementor-section elementor-top-section elementor-element elementor-element-c098305 elementor-section-boxed elementor-section-height-default elementor-section-height-default\" data-id=\"c098305\" data-element_type=\"section\">\n\t\t\t\t\t\t<div class=\"elementor-container elementor-column-gap-default\">\n\t\t\t\t\t<div class=\"elementor-column elementor-col-100 elementor-top-column elementor-element elementor-element-16e52c1\" data-id=\"16e52c1\" data-element_type=\"column\">\n\t\t\t<div class=\"elementor-widget-wrap elementor-element-populated\">\n\t\t\t\t\t\t<div class=\"elementor-element elementor-element-4f63973 elementor-widget elementor-widget-heading\" data-id=\"4f63973\" data-element_type=\"widget\" data-widget_type=\"heading.default\">\n\t\t\t\t<div class=\"elementor-widget-container\">\n\t\t\t\t\t<h2 class=\"elementor-heading-title elementor-size-default\"> \n anul universitar  2025 - 2026\n<\/h2>\t\t\t\t<\/div>\n\t\t\t\t<\/div>\n\t\t\t\t<div class=\"elementor-element elementor-element-5deec24 elementor-widget elementor-widget-spacer\" data-id=\"5deec24\" data-element_type=\"widget\" data-widget_type=\"spacer.default\">\n\t\t\t\t<div class=\"elementor-widget-container\">\n\t\t\t\t\t\t\t<div class=\"elementor-spacer\">\n\t\t\t<div class=\"elementor-spacer-inner\"><\/div>\n\t\t<\/div>\n\t\t\t\t\t\t<\/div>\n\t\t\t\t<\/div>\n\t\t\t\t<div class=\"elementor-element elementor-element-eca2236 elementor-widget-divider--view-line elementor-widget elementor-widget-divider\" data-id=\"eca2236\" data-element_type=\"widget\" data-widget_type=\"divider.default\">\n\t\t\t\t<div class=\"elementor-widget-container\">\n\t\t\t\t\t\t\t<div class=\"elementor-divider\">\n\t\t\t<span class=\"elementor-divider-separator\">\n\t\t\t\t\t\t<\/span>\n\t\t<\/div>\n\t\t\t\t\t\t<\/div>\n\t\t\t\t<\/div>\n\t\t\t\t\t<\/div>\n\t\t<\/div>\n\t\t\t\t\t<\/div>\n\t\t<\/section>\n\t\t\t\t<section class=\"elementor-section elementor-top-section elementor-element elementor-element-f1e3f9e elementor-section-boxed elementor-section-height-default elementor-section-height-default\" data-id=\"f1e3f9e\" data-element_type=\"section\">\n\t\t\t\t\t\t<div class=\"elementor-container elementor-column-gap-default\">\n\t\t\t\t\t<div class=\"elementor-column elementor-col-100 elementor-top-column elementor-element elementor-element-5f78d15\" data-id=\"5f78d15\" data-element_type=\"column\">\n\t\t\t<div class=\"elementor-widget-wrap elementor-element-populated\">\n\t\t\t\t\t\t<div class=\"elementor-element elementor-element-069096f elementor-widget elementor-widget-heading\" data-id=\"069096f\" data-element_type=\"widget\" data-widget_type=\"heading.default\">\n\t\t\t\t<div class=\"elementor-widget-container\">\n\t\t\t\t\t<h2 class=\"elementor-heading-title elementor-size-default\">CAZAREA \u00ceN C\u0102MINELE A \u0218I J<\/h2>\t\t\t\t<\/div>\n\t\t\t\t<\/div>\n\t\t\t\t<div class=\"elementor-element elementor-element-62aac08 elementor-widget elementor-widget-text-editor\" data-id=\"62aac08\" data-element_type=\"widget\" data-widget_type=\"text-editor.default\">\n\t\t\t\t<div class=\"elementor-widget-container\">\n\t\t\t\t\t\t\t\t\t<p>Conducerea Direc\u021biei c\u0103mine \u0219i cantine aduce la cuno\u0219tin\u021ba studen\u021bilor c\u0103<span style=\"color: #ff0000;\"><strong> repartizarea locurilor disponibile \u00een c\u0103minul J<\/strong><\/span> se va face exclusiv pentru studen\u021bii din anul I licen\u021b\u0103, \u00een baza mediilor ob\u021binute la admitere.<br \/>Ordinea de distribuire este descresc\u0103toare, conform listelor oficiale transmise de secretariatele facult\u0103\u021bilor.<\/p>\t\t\t\t\t\t\t\t<\/div>\n\t\t\t\t<\/div>\n\t\t\t\t\t<\/div>\n\t\t<\/div>\n\t\t\t\t\t<\/div>\n\t\t<\/section>\n\t\t\t\t<section class=\"elementor-section elementor-top-section elementor-element elementor-element-d089eb9 elementor-section-boxed elementor-section-height-default elementor-section-height-default\" data-id=\"d089eb9\" data-element_type=\"section\">\n\t\t\t\t\t\t<div class=\"elementor-container elementor-column-gap-default\">\n\t\t\t\t\t<div class=\"elementor-column elementor-col-100 elementor-top-column elementor-element elementor-element-ff000c4\" data-id=\"ff000c4\" data-element_type=\"column\">\n\t\t\t<div class=\"elementor-widget-wrap elementor-element-populated\">\n\t\t\t\t\t\t<div class=\"elementor-element elementor-element-fd294ae elementor-widget elementor-widget-text-editor\" data-id=\"fd294ae\" data-element_type=\"widget\" data-widget_type=\"text-editor.default\">\n\t\t\t\t<div class=\"elementor-widget-container\">\n\t\t\t\t\t\t\t\t\t<p style=\"text-align: center;\"><span style=\"text-decoration: underline;\"><strong><span style=\"color: #ff0000; text-decoration: underline;\">A T E N \u021a I E!<\/span><\/strong><\/span><\/p><p><strong>\u00a0CAZAREA \u0218I SEMNAREA CONTRACTELOR PENTRU ANUL UNIVERSITAR 2025-2026\u00a0 \u00ceN C\u0102MINELE\u00a0 IA, IB \u0218I J,\u00a0 SE\u00a0 FACE\u00a0 ASTFEL:<\/strong><\/p><ul><li><strong>27.09.2025, INTERVAL ORAR 09:00-14:00;<\/strong><\/li><li><strong>29.09.2025, INTERVAL ORAR 09:00-16:30.<\/strong><\/li><li><strong> Repartizarea locurilor \u2013 C\u0103minul J (2025\u20132026) &#8211; <span style=\"color: #ff0000;\"><a style=\"color: #ff0000;\" href=\"https:\/\/campus.ugal.ro\/ccps\/wp-content\/uploads\/2025\/09\/REPARTIZARE-LOCURI-CAMIN-J-23.09.2025.pdf\">Vezi tabelul de repartizare<\/a><\/span><\/strong><\/li><\/ul>\t\t\t\t\t\t\t\t<\/div>\n\t\t\t\t<\/div>\n\t\t\t\t\t<\/div>\n\t\t<\/div>\n\t\t\t\t\t<\/div>\n\t\t<\/section>\n\t\t\t\t<section class=\"elementor-section elementor-top-section elementor-element elementor-element-7a56e61 elementor-section-boxed elementor-section-height-default elementor-section-height-default\" data-id=\"7a56e61\" data-element_type=\"section\">\n\t\t\t\t\t\t<div class=\"elementor-container elementor-column-gap-default\">\n\t\t\t\t\t<div class=\"elementor-column elementor-col-100 elementor-top-column elementor-element elementor-element-c7edcbc\" data-id=\"c7edcbc\" data-element_type=\"column\">\n\t\t\t<div class=\"elementor-widget-wrap elementor-element-populated\">\n\t\t\t\t\t\t<div class=\"elementor-element elementor-element-bce87c6 elementor-widget-divider--view-line elementor-widget elementor-widget-divider\" data-id=\"bce87c6\" data-element_type=\"widget\" data-widget_type=\"divider.default\">\n\t\t\t\t<div class=\"elementor-widget-container\">\n\t\t\t\t\t\t\t<div class=\"elementor-divider\">\n\t\t\t<span class=\"elementor-divider-separator\">\n\t\t\t\t\t\t<\/span>\n\t\t<\/div>\n\t\t\t\t\t\t<\/div>\n\t\t\t\t<\/div>\n\t\t\t\t<div class=\"elementor-element elementor-element-bb16665 elementor-widget elementor-widget-spacer\" data-id=\"bb16665\" data-element_type=\"widget\" data-widget_type=\"spacer.default\">\n\t\t\t\t<div class=\"elementor-widget-container\">\n\t\t\t\t\t\t\t<div class=\"elementor-spacer\">\n\t\t\t<div class=\"elementor-spacer-inner\"><\/div>\n\t\t<\/div>\n\t\t\t\t\t\t<\/div>\n\t\t\t\t<\/div>\n\t\t\t\t\t<\/div>\n\t\t<\/div>\n\t\t\t\t\t<\/div>\n\t\t<\/section>\n\t\t\t\t<section class=\"elementor-section elementor-top-section elementor-element elementor-element-0e955df elementor-section-boxed elementor-section-height-default elementor-section-height-default\" data-id=\"0e955df\" data-element_type=\"section\">\n\t\t\t\t\t\t<div class=\"elementor-container elementor-column-gap-default\">\n\t\t\t\t\t<div class=\"elementor-column elementor-col-100 elementor-top-column elementor-element elementor-element-eb55370\" data-id=\"eb55370\" data-element_type=\"column\">\n\t\t\t<div class=\"elementor-widget-wrap elementor-element-populated\">\n\t\t\t\t\t\t<div class=\"elementor-element elementor-element-ef30461 elementor-widget elementor-widget-heading\" data-id=\"ef30461\" data-element_type=\"widget\" data-widget_type=\"heading.default\">\n\t\t\t\t<div class=\"elementor-widget-container\">\n\t\t\t\t\t<h2 class=\"elementor-heading-title elementor-size-default\">Cazarea \u00een c\u0103minele studen\u021be\u0219ti: C, D, E, G, H <\/h2>\t\t\t\t<\/div>\n\t\t\t\t<\/div>\n\t\t\t\t\t<\/div>\n\t\t<\/div>\n\t\t\t\t\t<\/div>\n\t\t<\/section>\n\t\t\t\t<section class=\"elementor-section elementor-top-section elementor-element elementor-element-a123348 elementor-section-boxed elementor-section-height-default elementor-section-height-default\" data-id=\"a123348\" data-element_type=\"section\">\n\t\t\t\t\t\t<div class=\"elementor-container elementor-column-gap-default\">\n\t\t\t\t\t<div class=\"elementor-column elementor-col-100 elementor-top-column elementor-element elementor-element-091fb6f\" data-id=\"091fb6f\" data-element_type=\"column\">\n\t\t\t<div class=\"elementor-widget-wrap elementor-element-populated\">\n\t\t\t\t\t\t<div class=\"elementor-element elementor-element-0031586 elementor-widget elementor-widget-text-editor\" data-id=\"0031586\" data-element_type=\"widget\" data-widget_type=\"text-editor.default\">\n\t\t\t\t<div class=\"elementor-widget-container\">\n\t\t\t\t\t\t\t\t\t<ul><li><strong>Cazarea studen\u0163ilor din anul I licen\u021b\u0103 \u0219i master <\/strong>se va face \u00een perioada <strong><u>24.09.2025-25.09.2025<\/u>, <\/strong>interval orar<strong> 09:00-16:00.\u00a0\u00a0 <\/strong><\/li><li><strong>Cazarea studen\u021bilor cu precazare confirmat\u0103 <\/strong>se va face \u00een data de <strong><u>25.09.2025-26.09.2025<\/u>, interval orar 09:00-16:00.\u00a0\u00a0 <\/strong><\/li><li><strong>Cazarea studen\u021bilor din Republica Moldova <\/strong>se va face \u00een perioada<strong> <u>25.09.2025-26.09.2025<\/u>, interval orar\u00a0 09:00-16:00, <\/strong>respectiv \u00een data de<strong> <u>27.09.2025<\/u>, <\/strong>interval orar<strong> 09:00-14:00.<\/strong><\/li><li><strong>Cazarea studen\u021bilor str\u0103ini din anul I \u0219i anul preg\u0103titor <\/strong>se va face \u00een perioada<strong><u> 24.09.2025-26.09.2025<\/u>, interval orar 09:00-16:00, <\/strong>respectiv \u00een data de<strong> <u>27.09.2025<\/u>, <\/strong>interval orar<strong> 09:00-14:00.<\/strong><\/li><li><strong>Cazarea studen\u021bilor repeten\u021bi\/ exmatricula\u021bi\/ an complementar\/ f\u0103r\u0103 precazare<\/strong> se va face \u00een data de<strong> <u>26.09.2025<\/u><\/strong><strong>, <\/strong>interval orar<strong> 09:00-16:00.<\/strong><\/li><li><strong>Cazarea ter\u021bilor \u0219i a altor categorii de persoane <\/strong>se va face \u00een data de<strong> <u>27.09.2025<\/u><\/strong><strong>, <\/strong>interval orar<strong> 09:00-14:00.<\/strong><\/li><\/ul><p><span style=\"color: #ff0000;\"><strong data-start=\"603\" data-end=\"617\">Important:<\/strong><\/span> Studen\u021bii admi\u0219i \u00een anul I nu vor trebui s\u0103 depun\u0103 nicio cerere de cazare \u00een prealabil, ci se vor prezenta direct pentru cazare conform calendarului stabilit.<\/p><p style=\"text-align: center;\"><strong><span style=\"color: #ff0000;\"><a style=\"color: #ff0000;\" href=\"https:\/\/campus.ugal.ro\/ccps\/documente-necesare-cazarii\/\">DOCUMENTELE NECESARE CAZARII le gasiti aici<\/a><\/span><\/strong><\/p>\t\t\t\t\t\t\t\t<\/div>\n\t\t\t\t<\/div>\n\t\t\t\t\t<\/div>\n\t\t<\/div>\n\t\t\t\t\t<\/div>\n\t\t<\/section>\n\t\t\t\t<section class=\"elementor-section elementor-top-section elementor-element elementor-element-445d33d elementor-section-boxed elementor-section-height-default elementor-section-height-default\" data-id=\"445d33d\" data-element_type=\"section\">\n\t\t\t\t\t\t<div class=\"elementor-container elementor-column-gap-default\">\n\t\t\t\t\t<div class=\"elementor-column elementor-col-100 elementor-top-column elementor-element elementor-element-20fa94a\" data-id=\"20fa94a\" data-element_type=\"column\">\n\t\t\t<div class=\"elementor-widget-wrap elementor-element-populated\">\n\t\t\t\t\t\t<div class=\"elementor-element elementor-element-dac039a elementor-widget-divider--view-line elementor-widget elementor-widget-divider\" data-id=\"dac039a\" data-element_type=\"widget\" data-widget_type=\"divider.default\">\n\t\t\t\t<div class=\"elementor-widget-container\">\n\t\t\t\t\t\t\t<div class=\"elementor-divider\">\n\t\t\t<span class=\"elementor-divider-separator\">\n\t\t\t\t\t\t<\/span>\n\t\t<\/div>\n\t\t\t\t\t\t<\/div>\n\t\t\t\t<\/div>\n\t\t\t\t\t<\/div>\n\t\t<\/div>\n\t\t\t\t\t<\/div>\n\t\t<\/section>\n\t\t\t\t<section class=\"elementor-section elementor-top-section elementor-element elementor-element-a8f1bb6 elementor-section-boxed elementor-section-height-default elementor-section-height-default\" data-id=\"a8f1bb6\" data-element_type=\"section\">\n\t\t\t\t\t\t<div class=\"elementor-container elementor-column-gap-default\">\n\t\t\t\t\t<div class=\"elementor-column elementor-col-100 elementor-top-column elementor-element elementor-element-aaf8bc9\" data-id=\"aaf8bc9\" data-element_type=\"column\">\n\t\t\t<div class=\"elementor-widget-wrap\">\n\t\t\t\t\t\t\t<\/div>\n\t\t<\/div>\n\t\t\t\t\t<\/div>\n\t\t<\/section>\n\t\t\t\t<section class=\"elementor-section elementor-top-section elementor-element elementor-element-183e0ec elementor-section-boxed elementor-section-height-default elementor-section-height-default\" data-id=\"183e0ec\" data-element_type=\"section\">\n\t\t\t\t\t\t<div class=\"elementor-container elementor-column-gap-default\">\n\t\t\t\t\t<div class=\"elementor-column elementor-col-100 elementor-top-column elementor-element elementor-element-607fc5d\" data-id=\"607fc5d\" data-element_type=\"column\">\n\t\t\t<div class=\"elementor-widget-wrap\">\n\t\t\t\t\t\t\t<\/div>\n\t\t<\/div>\n\t\t\t\t\t<\/div>\n\t\t<\/section>\n\t\t\t\t<section class=\"elementor-section elementor-top-section elementor-element elementor-element-5d9cd83 elementor-section-boxed elementor-section-height-default elementor-section-height-default\" data-id=\"5d9cd83\" data-element_type=\"section\">\n\t\t\t\t\t\t<div class=\"elementor-container elementor-column-gap-default\">\n\t\t\t\t\t<div class=\"elementor-column elementor-col-100 elementor-top-column elementor-element elementor-element-d293668\" data-id=\"d293668\" data-element_type=\"column\">\n\t\t\t<div class=\"elementor-widget-wrap elementor-element-populated\">\n\t\t\t\t\t\t<div class=\"elementor-element elementor-element-e93bfc8 elementor-widget elementor-widget-heading\" data-id=\"e93bfc8\" data-element_type=\"widget\" data-widget_type=\"heading.default\">\n\t\t\t\t<div class=\"elementor-widget-container\">\n\t\t\t\t\t<h2 class=\"elementor-heading-title elementor-size-default\">Cazarea in caminele : IA\/IB  <\/h2>\t\t\t\t<\/div>\n\t\t\t\t<\/div>\n\t\t\t\t\t<\/div>\n\t\t<\/div>\n\t\t\t\t\t<\/div>\n\t\t<\/section>\n\t\t\t\t<section class=\"elementor-section elementor-top-section elementor-element elementor-element-397407d elementor-section-boxed elementor-section-height-default elementor-section-height-default\" data-id=\"397407d\" data-element_type=\"section\">\n\t\t\t\t\t\t<div class=\"elementor-container elementor-column-gap-default\">\n\t\t\t\t\t<div class=\"elementor-column elementor-col-100 elementor-top-column elementor-element elementor-element-25a9704\" data-id=\"25a9704\" data-element_type=\"column\">\n\t\t\t<div class=\"elementor-widget-wrap elementor-element-populated\">\n\t\t\t\t\t\t<div class=\"elementor-element elementor-element-bbf797a elementor-widget elementor-widget-text-editor\" data-id=\"bbf797a\" data-element_type=\"widget\" data-widget_type=\"text-editor.default\">\n\t\t\t\t<div class=\"elementor-widget-container\">\n\t\t\t\t\t\t\t\t\t<p><strong>Cazarea<\/strong> \u015fi re\u00eennoirea contractelor \u00een aceste c\u0103mine se face pe baza analizei dosarelor depuse la sediul <strong>Direc\u021biei c\u0103mine \u0219i cantine \u2013 C\u0103min F, etajul 1, str. Parcului nr. 4, <\/strong><strong>\u00een perioada 01.09.2025 \u2013 05.09.2025<\/strong><strong>.<\/strong><\/p><p>\u00a0\u00a0\u00a0\u00a0 \u00a0Dosarul va cuprinde:<\/p>\t\t\t\t\t\t\t\t<\/div>\n\t\t\t\t<\/div>\n\t\t\t\t\t<\/div>\n\t\t<\/div>\n\t\t\t\t\t<\/div>\n\t\t<\/section>\n\t\t\t\t<section class=\"elementor-section elementor-top-section elementor-element elementor-element-b4ec25a elementor-section-boxed elementor-section-height-default elementor-section-height-default\" data-id=\"b4ec25a\" data-element_type=\"section\">\n\t\t\t\t\t\t<div class=\"elementor-container elementor-column-gap-default\">\n\t\t\t\t\t<div class=\"elementor-column elementor-col-50 elementor-top-column elementor-element elementor-element-072b818\" data-id=\"072b818\" data-element_type=\"column\">\n\t\t\t<div class=\"elementor-widget-wrap elementor-element-populated\">\n\t\t\t\t\t\t<div class=\"elementor-element elementor-element-d16f006 elementor-widget elementor-widget-text-editor\" data-id=\"d16f006\" data-element_type=\"widget\" data-widget_type=\"text-editor.default\">\n\t\t\t\t<div class=\"elementor-widget-container\">\n\t\t\t\t\t\t\t\t\t<p><span style=\"color: #ff0000;\"><strong>Pentru studen\u0163i, masteranzi \u015fi doctoranzi:<\/strong><\/span><\/p><p>&#8211; Copie act identitate\/pa\u0219aport;<br \/>&#8211; <strong>Cerere de cazare \u00een regim permanent<\/strong> adresat\u0103 conducerii UDJG; cererea va fi disponibil\u0103 pe site-ul campus.ugal.ro\/cereri-cazare;<br \/>&#8211; <strong>Adeverin\u021b\u0103 de student<\/strong>.<\/p>\t\t\t\t\t\t\t\t<\/div>\n\t\t\t\t<\/div>\n\t\t\t\t\t<\/div>\n\t\t<\/div>\n\t\t\t\t<div class=\"elementor-column elementor-col-50 elementor-top-column elementor-element elementor-element-6132001\" data-id=\"6132001\" data-element_type=\"column\">\n\t\t\t<div class=\"elementor-widget-wrap elementor-element-populated\">\n\t\t\t\t\t\t<div class=\"elementor-element elementor-element-ba823b5 elementor-widget elementor-widget-text-editor\" data-id=\"ba823b5\" data-element_type=\"widget\" data-widget_type=\"text-editor.default\">\n\t\t\t\t<div class=\"elementor-widget-container\">\n\t\t\t\t\t\t\t\t\t<p><span style=\"color: #ff0000;\"><strong>Pentru ter\u021bi:<\/strong><\/span><\/p><p>&#8211; Copie act identitate\/pa\u0219aport;<br \/>&#8211; <strong>Cerere de cazare \u00een regim permanent<\/strong> adresat\u0103 conducerii UDJG; cererea va fi disponibil\u0103 pe site-ul campus.ugal.ro\/cereri-cazare;<br \/>&#8211; Acte doveditoare care s\u0103 sus\u021bin\u0103 motivul solicit\u0103rii caz\u0103rii \u00een c\u0103min.<\/p>\t\t\t\t\t\t\t\t<\/div>\n\t\t\t\t<\/div>\n\t\t\t\t\t<\/div>\n\t\t<\/div>\n\t\t\t\t\t<\/div>\n\t\t<\/section>\n\t\t\t\t<section class=\"elementor-section elementor-top-section elementor-element elementor-element-13d3a1a elementor-section-boxed elementor-section-height-default elementor-section-height-default\" data-id=\"13d3a1a\" data-element_type=\"section\">\n\t\t\t\t\t\t<div class=\"elementor-container elementor-column-gap-default\">\n\t\t\t\t\t<div class=\"elementor-column elementor-col-100 elementor-top-column elementor-element elementor-element-725fcd6\" data-id=\"725fcd6\" data-element_type=\"column\">\n\t\t\t<div class=\"elementor-widget-wrap elementor-element-populated\">\n\t\t\t\t\t\t<div class=\"elementor-element elementor-element-8b86cad elementor-widget elementor-widget-text-editor\" data-id=\"8b86cad\" data-element_type=\"widget\" data-widget_type=\"text-editor.default\">\n\t\t\t\t<div class=\"elementor-widget-container\">\n\t\t\t\t\t\t\t\t\t<p><span style=\"color: #ff0000;\"><strong>Persoanele c\u0103s\u0103torite<\/strong><\/span> vor anexa la dosar <strong>copie dup\u0103 certificatul de c\u0103s\u0103torie \u015fi certificatul de na\u015ftere al copiilor<\/strong>, dac\u0103 este cazul.<\/p><p>\u00a0 <strong>\u00a0\u00a0\u00a0\u00a0\u00a0\u00a0\u00a0Persoane aflate \u00een imposibilitatea de a depune fizic dosarul<\/strong>, \u00eel pot trimite \u00een format electronic la adresa de e-mail dcc@ugal.ro.<\/p>\t\t\t\t\t\t\t\t<\/div>\n\t\t\t\t<\/div>\n\t\t\t\t\t<\/div>\n\t\t<\/div>\n\t\t\t\t\t<\/div>\n\t\t<\/section>\n\t\t\t\t<section class=\"elementor-section elementor-top-section elementor-element elementor-element-3ee8416 elementor-section-boxed elementor-section-height-default elementor-section-height-default\" data-id=\"3ee8416\" data-element_type=\"section\">\n\t\t\t\t\t\t<div class=\"elementor-container elementor-column-gap-default\">\n\t\t\t\t\t<div class=\"elementor-column elementor-col-100 elementor-top-column elementor-element elementor-element-60d0b4b\" data-id=\"60d0b4b\" data-element_type=\"column\">\n\t\t\t<div class=\"elementor-widget-wrap\">\n\t\t\t\t\t\t\t<\/div>\n\t\t<\/div>\n\t\t\t\t\t<\/div>\n\t\t<\/section>\n\t\t\t\t<section class=\"elementor-section elementor-top-section elementor-element elementor-element-740d2ef elementor-section-boxed elementor-section-height-default elementor-section-height-default\" data-id=\"740d2ef\" data-element_type=\"section\">\n\t\t\t\t\t\t<div class=\"elementor-container elementor-column-gap-default\">\n\t\t\t\t\t<div class=\"elementor-column elementor-col-100 elementor-top-column elementor-element elementor-element-ad64459\" data-id=\"ad64459\" data-element_type=\"column\">\n\t\t\t<div class=\"elementor-widget-wrap elementor-element-populated\">\n\t\t\t\t\t\t<div class=\"elementor-element elementor-element-3554920 elementor-widget-divider--view-line elementor-widget elementor-widget-divider\" data-id=\"3554920\" data-element_type=\"widget\" data-widget_type=\"divider.default\">\n\t\t\t\t<div class=\"elementor-widget-container\">\n\t\t\t\t\t\t\t<div class=\"elementor-divider\">\n\t\t\t<span class=\"elementor-divider-separator\">\n\t\t\t\t\t\t<\/span>\n\t\t<\/div>\n\t\t\t\t\t\t<\/div>\n\t\t\t\t<\/div>\n\t\t\t\t\t<\/div>\n\t\t<\/div>\n\t\t\t\t\t<\/div>\n\t\t<\/section>\n\t\t\t\t<section class=\"elementor-section elementor-top-section elementor-element elementor-element-d3947f0 elementor-section-boxed elementor-section-height-default elementor-section-height-default\" data-id=\"d3947f0\" data-element_type=\"section\">\n\t\t\t\t\t\t<div class=\"elementor-container elementor-column-gap-default\">\n\t\t\t\t\t<div class=\"elementor-column elementor-col-100 elementor-top-column elementor-element elementor-element-4789506\" data-id=\"4789506\" data-element_type=\"column\">\n\t\t\t<div class=\"elementor-widget-wrap elementor-element-populated\">\n\t\t\t\t\t\t<div class=\"elementor-element elementor-element-0f8f0cb elementor-widget elementor-widget-text-editor\" data-id=\"0f8f0cb\" data-element_type=\"widget\" data-widget_type=\"text-editor.default\">\n\t\t\t\t<div class=\"elementor-widget-container\">\n\t\t\t\t\t\t\t\t\t<p>Lorem ipsum dolor sit amet, consectetur adipiscing elit. Ut elit tellus, luctus nec ullamcorper mattis, pulvinar dapibus leo.<\/p>\t\t\t\t\t\t\t\t<\/div>\n\t\t\t\t<\/div>\n\t\t\t\t\t<\/div>\n\t\t<\/div>\n\t\t\t\t\t<\/div>\n\t\t<\/section>\n\t\t\t\t<\/div>\n\t\t","protected":false},"excerpt":{"rendered":"<p>CALENDARUL DE CAZARE anul universitar 2025 &#8211; 2026 CAZAREA \u00ceN C\u0102MINELE A \u0218I J Conducerea Direc\u021biei c\u0103mine \u0219i cantine aduce la cuno\u0219tin\u021ba studen\u021bilor c\u0103 repartizarea locurilor disponibile \u00een c\u0103minul J se va face exclusiv pentru studen\u021bii din anul I licen\u021b\u0103, \u00een baza mediilor ob\u021binute la admitere.Ordinea de distribuire este descresc\u0103toare, conform listelor oficiale transmise de&hellip; <br \/> <a class=\"read-more\" href=\"https:\/\/campus.ugal.ro\/ccps\/cazare-2\/\">Cite\u0219te mai mult<\/a><\/p>\n","protected":false},"author":12,"featured_media":9704,"parent":0,"menu_order":0,"comment_status":"closed","ping_status":"closed","template":"","meta":{"footnotes":""},"_links":{"self":[{"href":"https:\/\/campus.ugal.ro\/ccps\/wp-json\/wp\/v2\/pages\/9426"}],"collection":[{"href":"https:\/\/campus.ugal.ro\/ccps\/wp-json\/wp\/v2\/pages"}],"about":[{"href":"https:\/\/campus.ugal.ro\/ccps\/wp-json\/wp\/v2\/types\/page"}],"author":[{"embeddable":true,"href":"https:\/\/campus.ugal.ro\/ccps\/wp-json\/wp\/v2\/users\/12"}],"replies":[{"embeddable":true,"href":"https:\/\/campus.ugal.ro\/ccps\/wp-json\/wp\/v2\/comments?post=9426"}],"version-history":[{"count":229,"href":"https:\/\/campus.ugal.ro\/ccps\/wp-json\/wp\/v2\/pages\/9426\/revisions"}],"predecessor-version":[{"id":10317,"href":"https:\/\/campus.ugal.ro\/ccps\/wp-json\/wp\/v2\/pages\/9426\/revisions\/10317"}],"wp:featuredmedia":[{"embeddable":true,"href":"https:\/\/campus.ugal.ro\/ccps\/wp-json\/wp\/v2\/media\/9704"}],"wp:attachment":[{"href":"https:\/\/campus.ugal.ro\/ccps\/wp-json\/wp\/v2\/media?parent=9426"}],"curies":[{"name":"wp","href":"https:\/\/api.w.org\/{rel}","templated":true}]}}